{"id":197,"date":"2019-06-06T16:02:28","date_gmt":"2019-06-06T16:02:28","guid":{"rendered":"https:\/\/www.helissacollagen.com\/?page_id=197"},"modified":"2026-03-30T09:38:50","modified_gmt":"2026-03-30T09:38:50","slug":"eigenschaften-von-helissa-collagen","status":"publish","type":"page","link":"https:\/\/www.helissacollagen.com\/de\/ueber-helissa-collagen\/eigenschaften-von-helissa-collagen\/","title":{"rendered":"Eigenschaften von Inca Collagen"},"content":{"rendered":"<p>Inca Collagen ist ein Nahrungserg\u00e4nzungsmittel. Kollagen beeinflusst positiv die Zellenerneuerung, Regeneration und Ern\u00e4hrung von Haut, Fingern\u00e4geln und Haaren. Ihr K\u00f6rper bildet Kollagen nat\u00fcrlich nur bis zu einem gewissen Alter. Nach dem 25. Lebensjahr sinkt jedoch die Produktion um 1,5% jedes Jahr und es kommen Anzeichen des Alterns. Durch Erg\u00e4nzung von Kollagen k\u00f6nnen Sie diesen Prozess deutlich verlangsamen.<\/p>\n<ul>\n<li>100% hydrolysiertes Fischkollagen ohne Zus\u00e4tze<\/li>\n<li>Reines Pr\u00e4mienkollagen des Typs I, II und III<\/li>\n<li>3000 Milligramm in der Tagesdosis<\/li>\n<li>Bio-aktiv, ihr K\u00f6rper verwendet ihn, als ob es ihn selber synthetisiert h\u00e4tte<\/li>\n<li>Leicht l\u00f6slich in Wasser<\/li>\n<li>Ohne Aroma und Farbstoffe<\/li>\n<li><strong>Das beste Preis-Leistungsverh\u00e4ltnis auf dem Markt<\/strong><\/li>\n<li>Schneller Wirkungsantritt<\/li>\n<li>Ein Produkt aus der Tschechischen Republik \u2013 bereits 7 Jahre auf dem Markt.<\/li>\n<\/ul>\n<div class='embed-responsive embed-responsive-16by9'> <iframe loading=\"lazy\" title=\"Helissa Collagen - pure marine collagen\" width=\"500\" height=\"281\" src=\"https:\/\/www.youtube.com\/embed\/tbYkug5sEwI?feature=oembed&#038;enablejsapi=1&#038;origin=https:\/\/www.helissacollagen.com\"  allow=\"accelerometer; autoplay; clipboard-write; encrypted-media; gyroscope; picture-in-picture; web-share\" referrerpolicy=\"strict-origin-when-cross-origin\" allowfullscreen><\/iframe> <\/div>\n","protected":false},"excerpt":{"rendered":"<p>Inca Collagen ist ein Nahrungserg\u00e4nzungsmittel. Kollagen beeinflusst positiv die Zellenerneuerung, Regeneration und Ern\u00e4hrung von Haut, Fingern\u00e4geln und Haaren. Ihr K\u00f6rper bildet Kollagen nat\u00fcrlich nur bis zu einem gewissen Alter. Nach dem 25. Lebensjahr sinkt jedoch die Produktion um 1,5% jedes Jahr und es kommen Anzeichen des Alterns. Durch Erg\u00e4nzung von Kollagen k\u00f6nnen Sie diesen Prozess [&hellip;]<\/p>\n","protected":false},"author":2,"featured_media":0,"parent":174,"menu_order":1,"comment_status":"closed","ping_status":"closed","template":"","meta":[],"yoast_head":"<!-- This site is optimized with the Yoast SEO plugin v18.2 - https:\/\/yoast.com\/wordpress\/plugins\/seo\/ -->\n<title>Eigenschaften von Inca Collagen - Helissa Collagen<\/title>\n<meta name=\"robots\" content=\"index, follow, max-snippet:-1, max-image-preview:large, max-video-preview:-1\" \/>\n<link rel=\"canonical\" href=\"https:\/\/www.helissacollagen.com\/de\/ueber-helissa-collagen\/eigenschaften-von-helissa-collagen\/\" \/>\n<meta property=\"og:locale\" content=\"de_DE\" \/>\n<meta property=\"og:type\" content=\"article\" \/>\n<meta property=\"og:title\" content=\"Eigenschaften von Inca Collagen - Helissa Collagen\" \/>\n<meta property=\"og:description\" content=\"Inca Collagen ist ein Nahrungserg\u00e4nzungsmittel. Kollagen beeinflusst positiv die Zellenerneuerung, Regeneration und Ern\u00e4hrung von Haut, Fingern\u00e4geln und Haaren. Ihr K\u00f6rper bildet Kollagen nat\u00fcrlich nur bis zu einem gewissen Alter. Nach dem 25. Lebensjahr sinkt jedoch die Produktion um 1,5% jedes Jahr und es kommen Anzeichen des Alterns. Durch Erg\u00e4nzung von Kollagen k\u00f6nnen Sie diesen Prozess [&hellip;]\" \/>\n<meta property=\"og:url\" content=\"https:\/\/www.helissacollagen.com\/de\/ueber-helissa-collagen\/eigenschaften-von-helissa-collagen\/\" \/>\n<meta property=\"og:site_name\" content=\"Helissa Collagen\" \/>\n<meta property=\"article:modified_time\" content=\"2026-03-30T09:38:50+00:00\" \/>\n<meta name=\"twitter:card\" content=\"summary_large_image\" \/>\n<meta name=\"twitter:label1\" content=\"Gesch\u00e4tzte Lesezeit\" \/>\n\t<meta name=\"twitter:data1\" content=\"1\u00a0Minute\" \/>\n<script type=\"application\/ld+json\" class=\"yoast-schema-graph\">{\"@context\":\"https:\/\/schema.org\",\"@graph\":[{\"@type\":\"WebSite\",\"@id\":\"https:\/\/www.helissacollagen.com\/#website\",\"url\":\"https:\/\/www.helissacollagen.com\/\",\"name\":\"Helissa Collagen\",\"description\":\"Hydrolyzed marine collagen\",\"potentialAction\":[{\"@type\":\"SearchAction\",\"target\":{\"@type\":\"EntryPoint\",\"urlTemplate\":\"https:\/\/www.helissacollagen.com\/?s={search_term_string}\"},\"query-input\":\"required name=search_term_string\"}],\"inLanguage\":\"de\"},{\"@type\":\"WebPage\",\"@id\":\"https:\/\/www.helissacollagen.com\/de\/ueber-helissa-collagen\/eigenschaften-von-helissa-collagen\/#webpage\",\"url\":\"https:\/\/www.helissacollagen.com\/de\/ueber-helissa-collagen\/eigenschaften-von-helissa-collagen\/\",\"name\":\"Eigenschaften von Inca Collagen - Helissa Collagen\",\"isPartOf\":{\"@id\":\"https:\/\/www.helissacollagen.com\/#website\"},\"datePublished\":\"2019-06-06T16:02:28+00:00\",\"dateModified\":\"2026-03-30T09:38:50+00:00\",\"breadcrumb\":{\"@id\":\"https:\/\/www.helissacollagen.com\/de\/ueber-helissa-collagen\/eigenschaften-von-helissa-collagen\/#breadcrumb\"},\"inLanguage\":\"de\",\"potentialAction\":[{\"@type\":\"ReadAction\",\"target\":[\"https:\/\/www.helissacollagen.com\/de\/ueber-helissa-collagen\/eigenschaften-von-helissa-collagen\/\"]}]},{\"@type\":\"BreadcrumbList\",\"@id\":\"https:\/\/www.helissacollagen.com\/de\/ueber-helissa-collagen\/eigenschaften-von-helissa-collagen\/#breadcrumb\",\"itemListElement\":[{\"@type\":\"ListItem\",\"position\":1,\"name\":\"Home\",\"item\":\"https:\/\/www.helissacollagen.com\/de\/\"},{\"@type\":\"ListItem\",\"position\":2,\"name\":\"\u00dcber Inca Collagen\",\"item\":\"https:\/\/www.helissacollagen.com\/de\/\"},{\"@type\":\"ListItem\",\"position\":3,\"name\":\"Eigenschaften von Inca Collagen\"}]}]}<\/script>\n<!-- \/ Yoast SEO plugin. -->","yoast_head_json":{"title":"Eigenschaften von Inca Collagen - Helissa Collagen","robots":{"index":"index","follow":"follow","max-snippet":"max-snippet:-1","max-image-preview":"max-image-preview:large","max-video-preview":"max-video-preview:-1"},"canonical":"https:\/\/www.helissacollagen.com\/de\/ueber-helissa-collagen\/eigenschaften-von-helissa-collagen\/","og_locale":"de_DE","og_type":"article","og_title":"Eigenschaften von Inca Collagen - Helissa Collagen","og_description":"Inca Collagen ist ein Nahrungserg\u00e4nzungsmittel. Kollagen beeinflusst positiv die Zellenerneuerung, Regeneration und Ern\u00e4hrung von Haut, Fingern\u00e4geln und Haaren. Ihr K\u00f6rper bildet Kollagen nat\u00fcrlich nur bis zu einem gewissen Alter. Nach dem 25. Lebensjahr sinkt jedoch die Produktion um 1,5% jedes Jahr und es kommen Anzeichen des Alterns. Durch Erg\u00e4nzung von Kollagen k\u00f6nnen Sie diesen Prozess [&hellip;]","og_url":"https:\/\/www.helissacollagen.com\/de\/ueber-helissa-collagen\/eigenschaften-von-helissa-collagen\/","og_site_name":"Helissa Collagen","article_modified_time":"2026-03-30T09:38:50+00:00","twitter_card":"summary_large_image","twitter_misc":{"Gesch\u00e4tzte Lesezeit":"1\u00a0Minute"},"schema":{"@context":"https:\/\/schema.org","@graph":[{"@type":"WebSite","@id":"https:\/\/www.helissacollagen.com\/#website","url":"https:\/\/www.helissacollagen.com\/","name":"Helissa Collagen","description":"Hydrolyzed marine collagen","potentialAction":[{"@type":"SearchAction","target":{"@type":"EntryPoint","urlTemplate":"https:\/\/www.helissacollagen.com\/?s={search_term_string}"},"query-input":"required name=search_term_string"}],"inLanguage":"de"},{"@type":"WebPage","@id":"https:\/\/www.helissacollagen.com\/de\/ueber-helissa-collagen\/eigenschaften-von-helissa-collagen\/#webpage","url":"https:\/\/www.helissacollagen.com\/de\/ueber-helissa-collagen\/eigenschaften-von-helissa-collagen\/","name":"Eigenschaften von Inca Collagen - Helissa Collagen","isPartOf":{"@id":"https:\/\/www.helissacollagen.com\/#website"},"datePublished":"2019-06-06T16:02:28+00:00","dateModified":"2026-03-30T09:38:50+00:00","breadcrumb":{"@id":"https:\/\/www.helissacollagen.com\/de\/ueber-helissa-collagen\/eigenschaften-von-helissa-collagen\/#breadcrumb"},"inLanguage":"de","potentialAction":[{"@type":"ReadAction","target":["https:\/\/www.helissacollagen.com\/de\/ueber-helissa-collagen\/eigenschaften-von-helissa-collagen\/"]}]},{"@type":"BreadcrumbList","@id":"https:\/\/www.helissacollagen.com\/de\/ueber-helissa-collagen\/eigenschaften-von-helissa-collagen\/#breadcrumb","itemListElement":[{"@type":"ListItem","position":1,"name":"Home","item":"https:\/\/www.helissacollagen.com\/de\/"},{"@type":"ListItem","position":2,"name":"\u00dcber Inca Collagen","item":"https:\/\/www.helissacollagen.com\/de\/"},{"@type":"ListItem","position":3,"name":"Eigenschaften von Inca Collagen"}]}]}},"_links":{"self":[{"href":"https:\/\/www.helissacollagen.com\/de\/wp-json\/wp\/v2\/pages\/197"}],"collection":[{"href":"https:\/\/www.helissacollagen.com\/de\/wp-json\/wp\/v2\/pages"}],"about":[{"href":"https:\/\/www.helissacollagen.com\/de\/wp-json\/wp\/v2\/types\/page"}],"author":[{"embeddable":true,"href":"https:\/\/www.helissacollagen.com\/de\/wp-json\/wp\/v2\/users\/2"}],"replies":[{"embeddable":true,"href":"https:\/\/www.helissacollagen.com\/de\/wp-json\/wp\/v2\/comments?post=197"}],"version-history":[{"count":4,"href":"https:\/\/www.helissacollagen.com\/de\/wp-json\/wp\/v2\/pages\/197\/revisions"}],"predecessor-version":[{"id":17171,"href":"https:\/\/www.helissacollagen.com\/de\/wp-json\/wp\/v2\/pages\/197\/revisions\/17171"}],"up":[{"embeddable":true,"href":"https:\/\/www.helissacollagen.com\/de\/wp-json\/wp\/v2\/pages\/174"}],"wp:attachment":[{"href":"https:\/\/www.helissacollagen.com\/de\/wp-json\/wp\/v2\/media?parent=197"}],"curies":[{"name":"wp","href":"https:\/\/api.w.org\/{rel}","templated":true}]}}