{"id":201,"date":"2019-06-06T16:14:33","date_gmt":"2019-06-06T16:14:33","guid":{"rendered":"https:\/\/www.helissacollagen.com\/?page_id=201"},"modified":"2026-03-30T12:47:42","modified_gmt":"2026-03-30T12:47:42","slug":"wie-man-helissa-collagen-richtig-einnimmt","status":"publish","type":"page","link":"https:\/\/www.helissacollagen.com\/de\/ueber-helissa-collagen\/wie-man-helissa-collagen-richtig-einnimmt\/","title":{"rendered":"Wie man Inca Collagen richtig einnimmt?"},"content":{"rendered":"<h2>Wie beginnt man mit Inca Collagen?<\/h2>\n<p>Sollten Sie mit Inca Collagen anfangen, ist es wichtig die dreimonatige Kur zu absolvieren. Diese Kur umfasst eine regelm\u00e4\u00dfige Einnahme des Pr\u00e4parates. T\u00e4glich 1 Beutel. Der Inhalt wird in 200-300ml Trinkwasser, Fruchtsaft oder Milch aufgel\u00f6st.<\/p>\n<h2>Wann soll man Inca Collagen einnehmen?<\/h2>\n<p>Einige Sportler nehmen wegen Ihrer Regeneration Inca Collagen am Abend zu sich. Sie k\u00f6nnen selber entscheiden, wann Sie Inca Collagen einnehmen.<\/p>\n<h2>Ich nehme bereits Inca Collagen<\/h2>\n<p>Falls Sie Inca Collagen bereits zu sich nehmen und auch die dreimonatige Kur durchhaben, k\u00f6nnen Sie mit der Einnahme gerne fortfahren, sollten Sie weitere Probleme haben oder Ihre Gelenke, Haut, Haar und Fingern\u00e4gel unterst\u00fctzen m\u00f6chten. Wichtig ist die Regelm\u00e4\u00dfigkeit. Lassen sie sich gerne von Ihrem Arzt beraten wie lange oder wie oft Sie Inca Collagen zu sich nehmen sollen. Denken Sie jedoch daran, dass mit dem steigenden Alter Ihr K\u00f6rper weniger Kollagen bildet, deswegen ist es empfehlenswert diesen Nahrungserg\u00e4nzungsmittel zu sich zu nehmen.<\/p>\n<h2>Inca Collagen in akuten F\u00e4llen<\/h2>\n<p>Leiden Sie an einem akuten Kollagenmangel, nehmen Sie 3 Beutel Inca Collagen t\u00e4glich f\u00fcr die Zeit von mindestens einer Woche ein. Respektieren Sie jedoch die h\u00f6chste empfohlene Dosierung von 10 000 Milligramm Kollagen t\u00e4glich.<\/p>\n<h2>Benutzungsanleitung<\/h2>\n<p>Den Inhalt 1 Beutels (3 000 mg) in 200-300 ml Trinkwasser, Fruchtsaft, Milch oder eines anderen kalten Getr\u00e4nkes aufl\u00f6sen und austrinken.<\/p>\n<p>Zuerst sch\u00fcttelt man das Pulver in ein trockenes Glas und gie\u00dft die Fl\u00fcssigkeit nach.<\/p>\n<p>Die empfohlene Dosierung ist ein Beutel (3 000 mg) einmal t\u00e4glich.<\/p>\n<p>Die h\u00f6chste empfohlene Dosierung ist 10 000 mg t\u00e4glich.<\/p>\n<p>Die empfohlene Tagesdosis nicht \u00fcberschreiten.<\/p>\n<p><img loading=\"lazy\" class=\"alignnone wp-image-17179 size-full\" src=\"https:\/\/www.helissacollagen.com\/wp-content\/uploads\/2026\/03\/trinken-2.jpg\" alt=\"\" width=\"980\" height=\"791\" srcset=\"https:\/\/www.helissacollagen.com\/wp-content\/uploads\/2026\/03\/trinken-2.jpg 980w, https:\/\/www.helissacollagen.com\/wp-content\/uploads\/2026\/03\/trinken-2-300x242.jpg 300w, https:\/\/www.helissacollagen.com\/wp-content\/uploads\/2026\/03\/trinken-2-768x620.jpg 768w, https:\/\/www.helissacollagen.com\/wp-content\/uploads\/2026\/03\/trinken-2-600x484.jpg 600w\" sizes=\"(max-width: 980px) 100vw, 980px\" \/><\/p>\n<h2>Wie trinkt man Kollagen?<\/h2>\n<blockquote><p><strong>Den Inhalt 1 Beutels (3 000 mg) in ein trockenes Glas sch\u00fctteln.<\/strong><\/p>\n<p><strong>In der Folge in 200-300 ml Trinkwasser, Fruchtsaft oder eines anderen kalten Getr\u00e4nkes aufl\u00f6sen und austrinken.<\/strong><\/p><\/blockquote>\n<p>&nbsp;<\/p>\n<p>&nbsp;<\/p>\n","protected":false},"excerpt":{"rendered":"<p>Wie beginnt man mit Inca Collagen? Sollten Sie mit Inca Collagen anfangen, ist es wichtig die dreimonatige Kur zu absolvieren. Diese Kur umfasst eine regelm\u00e4\u00dfige Einnahme des Pr\u00e4parates. T\u00e4glich 1 Beutel. Der Inhalt wird in 200-300ml Trinkwasser, Fruchtsaft oder Milch aufgel\u00f6st. Wann soll man Inca Collagen einnehmen? Einige Sportler nehmen wegen Ihrer Regeneration Inca Collagen [&hellip;]<\/p>\n","protected":false},"author":2,"featured_media":0,"parent":174,"menu_order":3,"comment_status":"closed","ping_status":"closed","template":"","meta":[],"yoast_head":"<!-- This site is optimized with the Yoast SEO plugin v18.2 - https:\/\/yoast.com\/wordpress\/plugins\/seo\/ -->\n<title>Wie man Inca Collagen richtig einnimmt? - Helissa Collagen<\/title>\n<meta name=\"robots\" content=\"index, follow, max-snippet:-1, max-image-preview:large, max-video-preview:-1\" \/>\n<link rel=\"canonical\" href=\"https:\/\/www.helissacollagen.com\/de\/ueber-helissa-collagen\/wie-man-helissa-collagen-richtig-einnimmt\/\" \/>\n<meta property=\"og:locale\" content=\"de_DE\" \/>\n<meta property=\"og:type\" content=\"article\" \/>\n<meta property=\"og:title\" content=\"Wie man Inca Collagen richtig einnimmt? - Helissa Collagen\" \/>\n<meta property=\"og:description\" content=\"Wie beginnt man mit Inca Collagen? Sollten Sie mit Inca Collagen anfangen, ist es wichtig die dreimonatige Kur zu absolvieren. Diese Kur umfasst eine regelm\u00e4\u00dfige Einnahme des Pr\u00e4parates. T\u00e4glich 1 Beutel. Der Inhalt wird in 200-300ml Trinkwasser, Fruchtsaft oder Milch aufgel\u00f6st. Wann soll man Inca Collagen einnehmen? Einige Sportler nehmen wegen Ihrer Regeneration Inca Collagen [&hellip;]\" \/>\n<meta property=\"og:url\" content=\"https:\/\/www.helissacollagen.com\/de\/ueber-helissa-collagen\/wie-man-helissa-collagen-richtig-einnimmt\/\" \/>\n<meta property=\"og:site_name\" content=\"Helissa Collagen\" \/>\n<meta property=\"article:modified_time\" content=\"2026-03-30T12:47:42+00:00\" \/>\n<meta property=\"og:image\" content=\"https:\/\/www.helissacollagen.com\/wp-content\/uploads\/2026\/03\/trinken-2.jpg\" \/>\n<meta name=\"twitter:card\" content=\"summary_large_image\" \/>\n<meta name=\"twitter:label1\" content=\"Gesch\u00e4tzte Lesezeit\" \/>\n\t<meta name=\"twitter:data1\" content=\"2\u00a0Minuten\" \/>\n<script type=\"application\/ld+json\" class=\"yoast-schema-graph\">{\"@context\":\"https:\/\/schema.org\",\"@graph\":[{\"@type\":\"WebSite\",\"@id\":\"https:\/\/www.helissacollagen.com\/#website\",\"url\":\"https:\/\/www.helissacollagen.com\/\",\"name\":\"Helissa Collagen\",\"description\":\"Hydrolyzed marine collagen\",\"potentialAction\":[{\"@type\":\"SearchAction\",\"target\":{\"@type\":\"EntryPoint\",\"urlTemplate\":\"https:\/\/www.helissacollagen.com\/?s={search_term_string}\"},\"query-input\":\"required name=search_term_string\"}],\"inLanguage\":\"de\"},{\"@type\":\"ImageObject\",\"@id\":\"https:\/\/www.helissacollagen.com\/de\/ueber-helissa-collagen\/wie-man-helissa-collagen-richtig-einnimmt\/#primaryimage\",\"inLanguage\":\"de\",\"url\":\"https:\/\/www.helissacollagen.com\/wp-content\/uploads\/2026\/03\/trinken-2.jpg\",\"contentUrl\":\"https:\/\/www.helissacollagen.com\/wp-content\/uploads\/2026\/03\/trinken-2.jpg\",\"width\":980,\"height\":791},{\"@type\":\"WebPage\",\"@id\":\"https:\/\/www.helissacollagen.com\/de\/ueber-helissa-collagen\/wie-man-helissa-collagen-richtig-einnimmt\/#webpage\",\"url\":\"https:\/\/www.helissacollagen.com\/de\/ueber-helissa-collagen\/wie-man-helissa-collagen-richtig-einnimmt\/\",\"name\":\"Wie man Inca Collagen richtig einnimmt? - Helissa Collagen\",\"isPartOf\":{\"@id\":\"https:\/\/www.helissacollagen.com\/#website\"},\"primaryImageOfPage\":{\"@id\":\"https:\/\/www.helissacollagen.com\/de\/ueber-helissa-collagen\/wie-man-helissa-collagen-richtig-einnimmt\/#primaryimage\"},\"datePublished\":\"2019-06-06T16:14:33+00:00\",\"dateModified\":\"2026-03-30T12:47:42+00:00\",\"breadcrumb\":{\"@id\":\"https:\/\/www.helissacollagen.com\/de\/ueber-helissa-collagen\/wie-man-helissa-collagen-richtig-einnimmt\/#breadcrumb\"},\"inLanguage\":\"de\",\"potentialAction\":[{\"@type\":\"ReadAction\",\"target\":[\"https:\/\/www.helissacollagen.com\/de\/ueber-helissa-collagen\/wie-man-helissa-collagen-richtig-einnimmt\/\"]}]},{\"@type\":\"BreadcrumbList\",\"@id\":\"https:\/\/www.helissacollagen.com\/de\/ueber-helissa-collagen\/wie-man-helissa-collagen-richtig-einnimmt\/#breadcrumb\",\"itemListElement\":[{\"@type\":\"ListItem\",\"position\":1,\"name\":\"Home\",\"item\":\"https:\/\/www.helissacollagen.com\/de\/\"},{\"@type\":\"ListItem\",\"position\":2,\"name\":\"\u00dcber Inca Collagen\",\"item\":\"https:\/\/www.helissacollagen.com\/de\/\"},{\"@type\":\"ListItem\",\"position\":3,\"name\":\"Wie man Inca Collagen richtig einnimmt?\"}]}]}<\/script>\n<!-- \/ Yoast SEO plugin. -->","yoast_head_json":{"title":"Wie man Inca Collagen richtig einnimmt? - Helissa Collagen","robots":{"index":"index","follow":"follow","max-snippet":"max-snippet:-1","max-image-preview":"max-image-preview:large","max-video-preview":"max-video-preview:-1"},"canonical":"https:\/\/www.helissacollagen.com\/de\/ueber-helissa-collagen\/wie-man-helissa-collagen-richtig-einnimmt\/","og_locale":"de_DE","og_type":"article","og_title":"Wie man Inca Collagen richtig einnimmt? - Helissa Collagen","og_description":"Wie beginnt man mit Inca Collagen? Sollten Sie mit Inca Collagen anfangen, ist es wichtig die dreimonatige Kur zu absolvieren. Diese Kur umfasst eine regelm\u00e4\u00dfige Einnahme des Pr\u00e4parates. T\u00e4glich 1 Beutel. Der Inhalt wird in 200-300ml Trinkwasser, Fruchtsaft oder Milch aufgel\u00f6st. Wann soll man Inca Collagen einnehmen? Einige Sportler nehmen wegen Ihrer Regeneration Inca Collagen [&hellip;]","og_url":"https:\/\/www.helissacollagen.com\/de\/ueber-helissa-collagen\/wie-man-helissa-collagen-richtig-einnimmt\/","og_site_name":"Helissa Collagen","article_modified_time":"2026-03-30T12:47:42+00:00","og_image":[{"url":"https:\/\/www.helissacollagen.com\/wp-content\/uploads\/2026\/03\/trinken-2.jpg"}],"twitter_card":"summary_large_image","twitter_misc":{"Gesch\u00e4tzte Lesezeit":"2\u00a0Minuten"},"schema":{"@context":"https:\/\/schema.org","@graph":[{"@type":"WebSite","@id":"https:\/\/www.helissacollagen.com\/#website","url":"https:\/\/www.helissacollagen.com\/","name":"Helissa Collagen","description":"Hydrolyzed marine collagen","potentialAction":[{"@type":"SearchAction","target":{"@type":"EntryPoint","urlTemplate":"https:\/\/www.helissacollagen.com\/?s={search_term_string}"},"query-input":"required name=search_term_string"}],"inLanguage":"de"},{"@type":"ImageObject","@id":"https:\/\/www.helissacollagen.com\/de\/ueber-helissa-collagen\/wie-man-helissa-collagen-richtig-einnimmt\/#primaryimage","inLanguage":"de","url":"https:\/\/www.helissacollagen.com\/wp-content\/uploads\/2026\/03\/trinken-2.jpg","contentUrl":"https:\/\/www.helissacollagen.com\/wp-content\/uploads\/2026\/03\/trinken-2.jpg","width":980,"height":791},{"@type":"WebPage","@id":"https:\/\/www.helissacollagen.com\/de\/ueber-helissa-collagen\/wie-man-helissa-collagen-richtig-einnimmt\/#webpage","url":"https:\/\/www.helissacollagen.com\/de\/ueber-helissa-collagen\/wie-man-helissa-collagen-richtig-einnimmt\/","name":"Wie man Inca Collagen richtig einnimmt? - Helissa Collagen","isPartOf":{"@id":"https:\/\/www.helissacollagen.com\/#website"},"primaryImageOfPage":{"@id":"https:\/\/www.helissacollagen.com\/de\/ueber-helissa-collagen\/wie-man-helissa-collagen-richtig-einnimmt\/#primaryimage"},"datePublished":"2019-06-06T16:14:33+00:00","dateModified":"2026-03-30T12:47:42+00:00","breadcrumb":{"@id":"https:\/\/www.helissacollagen.com\/de\/ueber-helissa-collagen\/wie-man-helissa-collagen-richtig-einnimmt\/#breadcrumb"},"inLanguage":"de","potentialAction":[{"@type":"ReadAction","target":["https:\/\/www.helissacollagen.com\/de\/ueber-helissa-collagen\/wie-man-helissa-collagen-richtig-einnimmt\/"]}]},{"@type":"BreadcrumbList","@id":"https:\/\/www.helissacollagen.com\/de\/ueber-helissa-collagen\/wie-man-helissa-collagen-richtig-einnimmt\/#breadcrumb","itemListElement":[{"@type":"ListItem","position":1,"name":"Home","item":"https:\/\/www.helissacollagen.com\/de\/"},{"@type":"ListItem","position":2,"name":"\u00dcber Inca Collagen","item":"https:\/\/www.helissacollagen.com\/de\/"},{"@type":"ListItem","position":3,"name":"Wie man Inca Collagen richtig einnimmt?"}]}]}},"_links":{"self":[{"href":"https:\/\/www.helissacollagen.com\/de\/wp-json\/wp\/v2\/pages\/201"}],"collection":[{"href":"https:\/\/www.helissacollagen.com\/de\/wp-json\/wp\/v2\/pages"}],"about":[{"href":"https:\/\/www.helissacollagen.com\/de\/wp-json\/wp\/v2\/types\/page"}],"author":[{"embeddable":true,"href":"https:\/\/www.helissacollagen.com\/de\/wp-json\/wp\/v2\/users\/2"}],"replies":[{"embeddable":true,"href":"https:\/\/www.helissacollagen.com\/de\/wp-json\/wp\/v2\/comments?post=201"}],"version-history":[{"count":9,"href":"https:\/\/www.helissacollagen.com\/de\/wp-json\/wp\/v2\/pages\/201\/revisions"}],"predecessor-version":[{"id":17182,"href":"https:\/\/www.helissacollagen.com\/de\/wp-json\/wp\/v2\/pages\/201\/revisions\/17182"}],"up":[{"embeddable":true,"href":"https:\/\/www.helissacollagen.com\/de\/wp-json\/wp\/v2\/pages\/174"}],"wp:attachment":[{"href":"https:\/\/www.helissacollagen.com\/de\/wp-json\/wp\/v2\/media?parent=201"}],"curies":[{"name":"wp","href":"https:\/\/api.w.org\/{rel}","templated":true}]}}