{"id":205,"date":"2019-06-06T16:15:33","date_gmt":"2019-06-06T16:15:33","guid":{"rendered":"https:\/\/www.helissacollagen.com\/?page_id=205"},"modified":"2026-03-30T09:31:52","modified_gmt":"2026-03-30T09:31:52","slug":"zertifizierung-und-studien","status":"publish","type":"page","link":"https:\/\/www.helissacollagen.com\/de\/ueber-helissa-collagen\/zertifizierung-und-studien\/","title":{"rendered":"Zertifizierung und Studien"},"content":{"rendered":"<p>Inca Collagen hat einige Zertifikate von ausl\u00e4ndischen Instituten bekommen.<\/p>\n<p>Zertifikat vom deutschen Anti-Doping-Labor der Deutschen Sporthochschule in K\u00f6ln.<\/p>\n<p>23.2.2016 erhielt Inca Collagen das Zertifikat vom Anti-Doping-Labor der Sporthochschule in K\u00f6ln, welches die absolute Sicherheit und Unbedenklichkeit f\u00fcr Sportler best\u00e4tigt. Diese Organisation wird als Autorit\u00e4t bei der Dopingkontrolle f\u00fcr olympische Spiele anerkannt. Dieses Zertifikat besagt, dass auch Spitzensportler bei der Einnahme unseres Kollagens keine Bedenken haben m\u00fcssen. Es best\u00e4tigt, dass Inca Collagen ein reines und hochwertiges Pr\u00e4parat ist.<\/p>\n<p><img loading=\"lazy\" class=\"wp-image-2156 size-full aligncenter\" src=\"https:\/\/www.helissacollagen.com\/wp-content\/uploads\/2021\/02\/antidop._de-page-001_0.jpg\" alt=\"\" width=\"849\" height=\"1200\" srcset=\"https:\/\/www.helissacollagen.com\/wp-content\/uploads\/2021\/02\/antidop._de-page-001_0.jpg 849w, https:\/\/www.helissacollagen.com\/wp-content\/uploads\/2021\/02\/antidop._de-page-001_0-600x848.jpg 600w, https:\/\/www.helissacollagen.com\/wp-content\/uploads\/2021\/02\/antidop._de-page-001_0-212x300.jpg 212w, https:\/\/www.helissacollagen.com\/wp-content\/uploads\/2021\/02\/antidop._de-page-001_0-724x1024.jpg 724w, https:\/\/www.helissacollagen.com\/wp-content\/uploads\/2021\/02\/antidop._de-page-001_0-768x1086.jpg 768w\" sizes=\"(max-width: 849px) 100vw, 849px\" \/><\/p>\n<p>Klinische Studien, die die positive Wirkung von hydrolysiertem Kollagen best\u00e4tigen<\/p>\n<p>Es gibt Dutzende von klinischen Studien, die best\u00e4tigen, dass hydrolysiertes Kollagen des Typs I, II und III die Gesundheit von Knochen, Gelenken, Muskeln, Haut, Haaren, N\u00e4geln und weiteren Geweben f\u00f6rdert. Zum Beispiel:<\/p>\n<ul>\n<li><a href=\"https:\/\/www.ncbi.nlm.nih.gov\/pubmed\/11071580\">Role of collagen hydrolysate in bone and joint disease<\/a>, Case Western Reserve University, Division of Rheumatic Diseases, University Hospitals of Cleveland, OH, USA.<\/li>\n<li><a href=\"https:\/\/www.ncbi.nlm.nih.gov\/pubmed\/16076145\">Identification of food-derived collagen peptides in human blood after oral ingestion of gelatin hydrolysates<\/a>, Iwai K, Hasegawa T, Taguchi Y, Morimatsu F, Sato K, Nakamura Y, Higashi A, Kido Y, Nakabo Y, Ohtsuki K.<\/li>\n<li><a href=\"https:\/\/www.ncbi.nlm.nih.gov\/pubmed\/8378772\">Effects of oral administration of type II collagen on rheumatoid arthritis<\/a>, Trentham DE1, Dynesius-Trentham RA, Orav EJ, Combitchi D, Lorenzo C, Sewell KL, Hafler DA, Weiner HL.<\/li>\n<\/ul>\n<p>Und viele andere.<\/p>\n","protected":false},"excerpt":{"rendered":"<p>Inca Collagen hat einige Zertifikate von ausl\u00e4ndischen Instituten bekommen. Zertifikat vom deutschen Anti-Doping-Labor der Deutschen Sporthochschule in K\u00f6ln. 23.2.2016 erhielt Inca Collagen das Zertifikat vom Anti-Doping-Labor der Sporthochschule in K\u00f6ln, welches die absolute Sicherheit und Unbedenklichkeit f\u00fcr Sportler best\u00e4tigt. Diese Organisation wird als Autorit\u00e4t bei der Dopingkontrolle f\u00fcr olympische Spiele anerkannt. Dieses Zertifikat besagt, dass [&hellip;]<\/p>\n","protected":false},"author":2,"featured_media":0,"parent":174,"menu_order":4,"comment_status":"closed","ping_status":"closed","template":"","meta":[],"yoast_head":"<!-- This site is optimized with the Yoast SEO plugin v18.2 - https:\/\/yoast.com\/wordpress\/plugins\/seo\/ -->\n<title>Zertifizierung und Studien - Helissa Collagen<\/title>\n<meta name=\"robots\" content=\"index, follow, max-snippet:-1, max-image-preview:large, max-video-preview:-1\" \/>\n<link rel=\"canonical\" href=\"https:\/\/www.helissacollagen.com\/de\/ueber-helissa-collagen\/zertifizierung-und-studien\/\" \/>\n<meta property=\"og:locale\" content=\"de_DE\" \/>\n<meta property=\"og:type\" content=\"article\" \/>\n<meta property=\"og:title\" content=\"Zertifizierung und Studien - Helissa Collagen\" \/>\n<meta property=\"og:description\" content=\"Inca Collagen hat einige Zertifikate von ausl\u00e4ndischen Instituten bekommen. Zertifikat vom deutschen Anti-Doping-Labor der Deutschen Sporthochschule in K\u00f6ln. 23.2.2016 erhielt Inca Collagen das Zertifikat vom Anti-Doping-Labor der Sporthochschule in K\u00f6ln, welches die absolute Sicherheit und Unbedenklichkeit f\u00fcr Sportler best\u00e4tigt. Diese Organisation wird als Autorit\u00e4t bei der Dopingkontrolle f\u00fcr olympische Spiele anerkannt. Dieses Zertifikat besagt, dass [&hellip;]\" \/>\n<meta property=\"og:url\" content=\"https:\/\/www.helissacollagen.com\/de\/ueber-helissa-collagen\/zertifizierung-und-studien\/\" \/>\n<meta property=\"og:site_name\" content=\"Helissa Collagen\" \/>\n<meta property=\"article:modified_time\" content=\"2026-03-30T09:31:52+00:00\" \/>\n<meta property=\"og:image\" content=\"https:\/\/www.helissacollagen.com\/wp-content\/uploads\/2021\/02\/antidop._de-page-001_0.jpg\" \/>\n<meta name=\"twitter:card\" content=\"summary_large_image\" \/>\n<meta name=\"twitter:label1\" content=\"Gesch\u00e4tzte Lesezeit\" \/>\n\t<meta name=\"twitter:data1\" content=\"2\u00a0Minuten\" \/>\n<script type=\"application\/ld+json\" class=\"yoast-schema-graph\">{\"@context\":\"https:\/\/schema.org\",\"@graph\":[{\"@type\":\"WebSite\",\"@id\":\"https:\/\/www.helissacollagen.com\/#website\",\"url\":\"https:\/\/www.helissacollagen.com\/\",\"name\":\"Helissa Collagen\",\"description\":\"Hydrolyzed marine collagen\",\"potentialAction\":[{\"@type\":\"SearchAction\",\"target\":{\"@type\":\"EntryPoint\",\"urlTemplate\":\"https:\/\/www.helissacollagen.com\/?s={search_term_string}\"},\"query-input\":\"required name=search_term_string\"}],\"inLanguage\":\"de\"},{\"@type\":\"ImageObject\",\"@id\":\"https:\/\/www.helissacollagen.com\/de\/ueber-helissa-collagen\/zertifizierung-und-studien\/#primaryimage\",\"inLanguage\":\"de\",\"url\":\"https:\/\/www.helissacollagen.com\/wp-content\/uploads\/2021\/02\/antidop._de-page-001_0.jpg\",\"contentUrl\":\"https:\/\/www.helissacollagen.com\/wp-content\/uploads\/2021\/02\/antidop._de-page-001_0.jpg\",\"width\":849,\"height\":1200},{\"@type\":\"WebPage\",\"@id\":\"https:\/\/www.helissacollagen.com\/de\/ueber-helissa-collagen\/zertifizierung-und-studien\/#webpage\",\"url\":\"https:\/\/www.helissacollagen.com\/de\/ueber-helissa-collagen\/zertifizierung-und-studien\/\",\"name\":\"Zertifizierung und Studien - Helissa Collagen\",\"isPartOf\":{\"@id\":\"https:\/\/www.helissacollagen.com\/#website\"},\"primaryImageOfPage\":{\"@id\":\"https:\/\/www.helissacollagen.com\/de\/ueber-helissa-collagen\/zertifizierung-und-studien\/#primaryimage\"},\"datePublished\":\"2019-06-06T16:15:33+00:00\",\"dateModified\":\"2026-03-30T09:31:52+00:00\",\"breadcrumb\":{\"@id\":\"https:\/\/www.helissacollagen.com\/de\/ueber-helissa-collagen\/zertifizierung-und-studien\/#breadcrumb\"},\"inLanguage\":\"de\",\"potentialAction\":[{\"@type\":\"ReadAction\",\"target\":[\"https:\/\/www.helissacollagen.com\/de\/ueber-helissa-collagen\/zertifizierung-und-studien\/\"]}]},{\"@type\":\"BreadcrumbList\",\"@id\":\"https:\/\/www.helissacollagen.com\/de\/ueber-helissa-collagen\/zertifizierung-und-studien\/#breadcrumb\",\"itemListElement\":[{\"@type\":\"ListItem\",\"position\":1,\"name\":\"Home\",\"item\":\"https:\/\/www.helissacollagen.com\/de\/\"},{\"@type\":\"ListItem\",\"position\":2,\"name\":\"\u00dcber Inca Collagen\",\"item\":\"https:\/\/www.helissacollagen.com\/de\/\"},{\"@type\":\"ListItem\",\"position\":3,\"name\":\"Zertifizierung und Studien\"}]}]}<\/script>\n<!-- \/ Yoast SEO plugin. -->","yoast_head_json":{"title":"Zertifizierung und Studien - Helissa Collagen","robots":{"index":"index","follow":"follow","max-snippet":"max-snippet:-1","max-image-preview":"max-image-preview:large","max-video-preview":"max-video-preview:-1"},"canonical":"https:\/\/www.helissacollagen.com\/de\/ueber-helissa-collagen\/zertifizierung-und-studien\/","og_locale":"de_DE","og_type":"article","og_title":"Zertifizierung und Studien - Helissa Collagen","og_description":"Inca Collagen hat einige Zertifikate von ausl\u00e4ndischen Instituten bekommen. Zertifikat vom deutschen Anti-Doping-Labor der Deutschen Sporthochschule in K\u00f6ln. 23.2.2016 erhielt Inca Collagen das Zertifikat vom Anti-Doping-Labor der Sporthochschule in K\u00f6ln, welches die absolute Sicherheit und Unbedenklichkeit f\u00fcr Sportler best\u00e4tigt. Diese Organisation wird als Autorit\u00e4t bei der Dopingkontrolle f\u00fcr olympische Spiele anerkannt. Dieses Zertifikat besagt, dass [&hellip;]","og_url":"https:\/\/www.helissacollagen.com\/de\/ueber-helissa-collagen\/zertifizierung-und-studien\/","og_site_name":"Helissa Collagen","article_modified_time":"2026-03-30T09:31:52+00:00","og_image":[{"url":"https:\/\/www.helissacollagen.com\/wp-content\/uploads\/2021\/02\/antidop._de-page-001_0.jpg"}],"twitter_card":"summary_large_image","twitter_misc":{"Gesch\u00e4tzte Lesezeit":"2\u00a0Minuten"},"schema":{"@context":"https:\/\/schema.org","@graph":[{"@type":"WebSite","@id":"https:\/\/www.helissacollagen.com\/#website","url":"https:\/\/www.helissacollagen.com\/","name":"Helissa Collagen","description":"Hydrolyzed marine collagen","potentialAction":[{"@type":"SearchAction","target":{"@type":"EntryPoint","urlTemplate":"https:\/\/www.helissacollagen.com\/?s={search_term_string}"},"query-input":"required name=search_term_string"}],"inLanguage":"de"},{"@type":"ImageObject","@id":"https:\/\/www.helissacollagen.com\/de\/ueber-helissa-collagen\/zertifizierung-und-studien\/#primaryimage","inLanguage":"de","url":"https:\/\/www.helissacollagen.com\/wp-content\/uploads\/2021\/02\/antidop._de-page-001_0.jpg","contentUrl":"https:\/\/www.helissacollagen.com\/wp-content\/uploads\/2021\/02\/antidop._de-page-001_0.jpg","width":849,"height":1200},{"@type":"WebPage","@id":"https:\/\/www.helissacollagen.com\/de\/ueber-helissa-collagen\/zertifizierung-und-studien\/#webpage","url":"https:\/\/www.helissacollagen.com\/de\/ueber-helissa-collagen\/zertifizierung-und-studien\/","name":"Zertifizierung und Studien - Helissa Collagen","isPartOf":{"@id":"https:\/\/www.helissacollagen.com\/#website"},"primaryImageOfPage":{"@id":"https:\/\/www.helissacollagen.com\/de\/ueber-helissa-collagen\/zertifizierung-und-studien\/#primaryimage"},"datePublished":"2019-06-06T16:15:33+00:00","dateModified":"2026-03-30T09:31:52+00:00","breadcrumb":{"@id":"https:\/\/www.helissacollagen.com\/de\/ueber-helissa-collagen\/zertifizierung-und-studien\/#breadcrumb"},"inLanguage":"de","potentialAction":[{"@type":"ReadAction","target":["https:\/\/www.helissacollagen.com\/de\/ueber-helissa-collagen\/zertifizierung-und-studien\/"]}]},{"@type":"BreadcrumbList","@id":"https:\/\/www.helissacollagen.com\/de\/ueber-helissa-collagen\/zertifizierung-und-studien\/#breadcrumb","itemListElement":[{"@type":"ListItem","position":1,"name":"Home","item":"https:\/\/www.helissacollagen.com\/de\/"},{"@type":"ListItem","position":2,"name":"\u00dcber Inca Collagen","item":"https:\/\/www.helissacollagen.com\/de\/"},{"@type":"ListItem","position":3,"name":"Zertifizierung und Studien"}]}]}},"_links":{"self":[{"href":"https:\/\/www.helissacollagen.com\/de\/wp-json\/wp\/v2\/pages\/205"}],"collection":[{"href":"https:\/\/www.helissacollagen.com\/de\/wp-json\/wp\/v2\/pages"}],"about":[{"href":"https:\/\/www.helissacollagen.com\/de\/wp-json\/wp\/v2\/types\/page"}],"author":[{"embeddable":true,"href":"https:\/\/www.helissacollagen.com\/de\/wp-json\/wp\/v2\/users\/2"}],"replies":[{"embeddable":true,"href":"https:\/\/www.helissacollagen.com\/de\/wp-json\/wp\/v2\/comments?post=205"}],"version-history":[{"count":4,"href":"https:\/\/www.helissacollagen.com\/de\/wp-json\/wp\/v2\/pages\/205\/revisions"}],"predecessor-version":[{"id":17168,"href":"https:\/\/www.helissacollagen.com\/de\/wp-json\/wp\/v2\/pages\/205\/revisions\/17168"}],"up":[{"embeddable":true,"href":"https:\/\/www.helissacollagen.com\/de\/wp-json\/wp\/v2\/pages\/174"}],"wp:attachment":[{"href":"https:\/\/www.helissacollagen.com\/de\/wp-json\/wp\/v2\/media?parent=205"}],"curies":[{"name":"wp","href":"https:\/\/api.w.org\/{rel}","templated":true}]}}