{"id":152,"date":"2019-05-13T11:42:48","date_gmt":"2019-05-13T11:42:48","guid":{"rendered":"https:\/\/www.helissacollagen.com\/product\/helissa-collagen\/"},"modified":"2026-03-30T19:19:13","modified_gmt":"2026-03-30T19:19:13","slug":"fish-collagen","status":"publish","type":"product","link":"https:\/\/www.helissacollagen.com\/de\/produkt\/fish-collagen\/","title":{"rendered":"Inca Collagen"},"content":{"rendered":"<p>Kollagen ist ein Grundbauelement im K\u00f6rper des Menschen. Es bildet den organischen Hauptbestandteil des St\u00fctzsystems des Organismus, und zwar der Knochen, Knorpel, Sehnen, des Bindegewebes und der Haut.<\/p>\n<p>Kollagen ist in Blutgef\u00e4\u00dfw\u00e4nden, in basalen Membranen, in der Hornhaut und einer Reihe von Organen enthalten. Nach dem 25. Lebensjahr des Lebens sinkt der Kollagenanteil in der Haut stetig und nach dem 40. Lebensjahr h\u00f6rt die Kollagensynthese auf.<\/p>\n<p>Inca Collagen hat eine vorteilhafte Darbietungsform, denn das Pulver kann man in Fl\u00fcssigkeiten aufl\u00f6sen und diese<br \/>\nproblemlos trinken.<\/p>\n<p><strong>Inhalt 1 Beutels: :<\/strong> 3 g Kollagenhydrolysat<\/p>\n<p><strong>Produktzusammensetzung:<\/strong> Kollagenhydrolysat aus Fischen<\/p>\n<p><strong>Zusammensetzung 1 Beutels (3 g):<\/strong><br \/>\nKollagen Typ I: 80,0 %<br \/>\nKollagen Typ II: 19,5 %<br \/>\nKollagen Typ III: 0,5 %<\/p>\n<p><strong>Empfohlene Dosierung: <\/strong>1 Beutel (3 g) einmal t\u00e4glich. Die empfohlene Tagesdosis nicht \u00fcberschreiten.<\/p>\n<p><strong>Zubereitung: <\/strong>Den Inhalt eines Beutels (3 g) in 200 \u2013 300 ml Trinkwasser, Obstsaft, Milch oder anderen Getr\u00e4nken aufl\u00f6sen und<br \/>\ntrinken. Beim Mischen mit Fl\u00fcssigkeiten das Pulver in ein trockenes Gef\u00e4\u00df sch\u00fctten und dieses mit Fl\u00fcssigkeit auff\u00fcllen.<\/p>\n<p><strong>Hinweis: <\/strong>Dient nicht als Ersatz ausgewogener Nahrung. Ist nicht f\u00fcr Kinder und schwangere Frauen geeignet. Au\u00dfer<br \/>\nReichweite von Kindern lagern! Trocken und dunkel bei Temperaturen von +4 bis +25\u00b0C lagern, vor Feuchtigkeit,<br \/>\ndirekter Sonneneinstrahlung und Hitze sch\u00fctzen.<\/p>\n<p><strong>Inhalt der Packung:<\/strong> 90 g (30 Beutel)<\/p>\n<p><strong>Hersteller:<\/strong> Inca Collagen s.r.o., Zborovsk\u00e1 906\/11, \u017dabov\u0159esky, 616 00 Brno, Tschechische Republik<\/p>\n","protected":false},"excerpt":{"rendered":"<p data-path-to-node=\"2\">Inca Collagen enth\u00e4lt drei Kollagentypen, die nat\u00fcrlicherweise im menschlichen K\u00f6rper vorkommen und essenziell f\u00fcr die Gesundheit von Haut, Haaren und N\u00e4geln sowie von Sehnen, B\u00e4ndern, Gelenken und Knochen sind. Dank dieser Zusammensetzung ist es ein komplexes Nahrungserg\u00e4nzungsmittel, das nicht nur von au\u00dfen, sondern auch von innen n\u00e4hrt und hilft, die Zeichen der Hautalterung zu verlangsamen.<\/p>\n<p data-path-to-node=\"3\">Inca Collagen ist ein Premium-Kollagen h\u00f6chster Qualit\u00e4t \u2013 nicht nur f\u00fcr die Sch\u00f6nheit, sondern auch f\u00fcr Vitalit\u00e4t, Gesundheit und das allgemeine Wohlbefinden.<\/p>\n<p data-path-to-node=\"4\"><b data-path-to-node=\"4\" data-index-in-node=\"0\">8 Gr\u00fcnde, warum Sie sich f\u00fcr Inca Collagen entscheiden sollten:<\/b><\/p>\n<ol start=\"1\" data-path-to-node=\"5\">\n<li>\n<p data-path-to-node=\"5,0,0\"><b data-path-to-node=\"5,0,0\" data-index-in-node=\"0\">100 % nat\u00fcrliches Kollagen ohne jegliche Zus\u00e4tze<\/b> \u2013 keine unn\u00f6tigen Zusatzstoffe.<\/p>\n<\/li>\n<li>\n<p data-path-to-node=\"5,1,0\"><b data-path-to-node=\"5,1,0\" data-index-in-node=\"0\">Enth\u00e4lt drei Kollagentypen (I, II, III)<\/b> aus Meeresfischen, deren Kollagen sich durch eine hohe molekulare Reinheit auszeichnet.<\/p>\n<\/li>\n<li>\n<p data-path-to-node=\"5,2,0\"><b data-path-to-node=\"5,2,0\" data-index-in-node=\"0\">Bioaktive Form des Kollagens<\/b> \u2013 k\u00f6rpernah und hervorragend verwertbar.<\/p>\n<\/li>\n<li>\n<p data-path-to-node=\"5,3,0\"><b data-path-to-node=\"5,3,0\" data-index-in-node=\"0\">Die t\u00e4gliche Dosis liefert 3000 mg<\/b> hochwirksames hydrolysiertes Kollagen.<\/p>\n<\/li>\n<li>\n<p data-path-to-node=\"5,4,0\"><b data-path-to-node=\"5,4,0\" data-index-in-node=\"0\">Schnell l\u00f6slich in Wasser<\/b> \u2013 keine Klumpen, keine Sorgen.<\/p>\n<\/li>\n<li>\n<p data-path-to-node=\"5,5,0\"><b data-path-to-node=\"5,5,0\" data-index-in-node=\"0\">Einzeln verpackte Tagesportionen<\/b> \u2013 f\u00fcr maximale Frische und stabile Wirkung.<\/p>\n<\/li>\n<li>\n<p data-path-to-node=\"5,6,0\"><b data-path-to-node=\"5,6,0\" data-index-in-node=\"0\">Mikronisiert mit einer Molekularmasse<\/b> von nur 2000 Da \u2013 f\u00fcr eine noch bessere Aufnahme.<\/p>\n<\/li>\n<li>\n<p data-path-to-node=\"5,7,0\"><b data-path-to-node=\"5,7,0\" data-index-in-node=\"0\">Bew\u00e4hrt durch tausende zufriedene Kunden<\/b> und hervorragende Bewertungen.<\/p>\n<\/li>\n<\/ol>\n","protected":false},"featured_media":17147,"comment_status":"open","ping_status":"closed","template":"","meta":[],"product_cat":[27],"product_tag":[],"yoast_head":"<!-- This site is optimized with the Yoast SEO plugin v18.2 - https:\/\/yoast.com\/wordpress\/plugins\/seo\/ -->\n<title>Inca Collagen - Helissa Collagen<\/title>\n<meta name=\"description\" content=\"Inca Collagen is a supplement designed to boost cellular renewal and deeply nourish your skin, hair, and nails\" \/>\n<meta name=\"robots\" content=\"index, follow, max-snippet:-1, max-image-preview:large, max-video-preview:-1\" \/>\n<link rel=\"canonical\" href=\"https:\/\/www.helissacollagen.com\/de\/produkt\/fish-collagen\/\" \/>\n<meta property=\"og:locale\" content=\"de_DE\" \/>\n<meta property=\"og:type\" content=\"article\" \/>\n<meta property=\"og:title\" content=\"Inca Collagen - Helissa Collagen\" \/>\n<meta property=\"og:description\" content=\"Inca Collagen is a supplement designed to boost cellular renewal and deeply nourish your skin, hair, and nails\" \/>\n<meta property=\"og:url\" content=\"https:\/\/www.helissacollagen.com\/de\/produkt\/fish-collagen\/\" \/>\n<meta property=\"og:site_name\" content=\"Helissa Collagen\" \/>\n<meta property=\"article:modified_time\" content=\"2026-03-30T19:19:13+00:00\" \/>\n<meta property=\"og:image\" content=\"https:\/\/www.helissacollagen.com\/wp-content\/uploads\/2019\/05\/Produktova-800x600-IC_VitC.jpg\" \/>\n\t<meta property=\"og:image:width\" content=\"800\" \/>\n\t<meta property=\"og:image:height\" content=\"600\" \/>\n\t<meta property=\"og:image:type\" content=\"image\/jpeg\" \/>\n<meta name=\"twitter:card\" content=\"summary_large_image\" \/>\n<meta name=\"twitter:label1\" content=\"Gesch\u00e4tzte Lesezeit\" \/>\n\t<meta name=\"twitter:data1\" content=\"1\u00a0Minute\" \/>\n<script type=\"application\/ld+json\" class=\"yoast-schema-graph\">{\"@context\":\"https:\/\/schema.org\",\"@graph\":[{\"@type\":\"WebSite\",\"@id\":\"https:\/\/www.helissacollagen.com\/#website\",\"url\":\"https:\/\/www.helissacollagen.com\/\",\"name\":\"Helissa Collagen\",\"description\":\"Hydrolyzed marine collagen\",\"potentialAction\":[{\"@type\":\"SearchAction\",\"target\":{\"@type\":\"EntryPoint\",\"urlTemplate\":\"https:\/\/www.helissacollagen.com\/?s={search_term_string}\"},\"query-input\":\"required name=search_term_string\"}],\"inLanguage\":\"de\"},{\"@type\":\"ImageObject\",\"@id\":\"https:\/\/www.helissacollagen.com\/de\/produkt\/fish-collagen\/#primaryimage\",\"inLanguage\":\"de\",\"url\":\"https:\/\/www.helissacollagen.com\/wp-content\/uploads\/2019\/05\/Produktova-800x600-IC_VitC.jpg\",\"contentUrl\":\"https:\/\/www.helissacollagen.com\/wp-content\/uploads\/2019\/05\/Produktova-800x600-IC_VitC.jpg\",\"width\":800,\"height\":600},{\"@type\":\"WebPage\",\"@id\":\"https:\/\/www.helissacollagen.com\/de\/produkt\/fish-collagen\/#webpage\",\"url\":\"https:\/\/www.helissacollagen.com\/de\/produkt\/fish-collagen\/\",\"name\":\"Inca Collagen - Helissa Collagen\",\"isPartOf\":{\"@id\":\"https:\/\/www.helissacollagen.com\/#website\"},\"primaryImageOfPage\":{\"@id\":\"https:\/\/www.helissacollagen.com\/de\/produkt\/fish-collagen\/#primaryimage\"},\"datePublished\":\"2019-05-13T11:42:48+00:00\",\"dateModified\":\"2026-03-30T19:19:13+00:00\",\"description\":\"Inca Collagen is a supplement designed to boost cellular renewal and deeply nourish your skin, hair, and nails\",\"breadcrumb\":{\"@id\":\"https:\/\/www.helissacollagen.com\/de\/produkt\/fish-collagen\/#breadcrumb\"},\"inLanguage\":\"de\",\"potentialAction\":[{\"@type\":\"ReadAction\",\"target\":[\"https:\/\/www.helissacollagen.com\/de\/produkt\/fish-collagen\/\"]}]},{\"@type\":\"BreadcrumbList\",\"@id\":\"https:\/\/www.helissacollagen.com\/de\/produkt\/fish-collagen\/#breadcrumb\",\"itemListElement\":[{\"@type\":\"ListItem\",\"position\":1,\"name\":\"Home\",\"item\":\"https:\/\/www.helissacollagen.com\/de\/\"},{\"@type\":\"ListItem\",\"position\":2,\"name\":\"Shop\",\"item\":\"https:\/\/www.helissacollagen.com\/de\/shop\/\"},{\"@type\":\"ListItem\",\"position\":3,\"name\":\"Inca Collagen\"}]}]}<\/script>\n<!-- \/ Yoast SEO plugin. -->","yoast_head_json":{"title":"Inca Collagen - Helissa Collagen","description":"Inca Collagen is a supplement designed to boost cellular renewal and deeply nourish your skin, hair, and nails","robots":{"index":"index","follow":"follow","max-snippet":"max-snippet:-1","max-image-preview":"max-image-preview:large","max-video-preview":"max-video-preview:-1"},"canonical":"https:\/\/www.helissacollagen.com\/de\/produkt\/fish-collagen\/","og_locale":"de_DE","og_type":"article","og_title":"Inca Collagen - Helissa Collagen","og_description":"Inca Collagen is a supplement designed to boost cellular renewal and deeply nourish your skin, hair, and nails","og_url":"https:\/\/www.helissacollagen.com\/de\/produkt\/fish-collagen\/","og_site_name":"Helissa Collagen","article_modified_time":"2026-03-30T19:19:13+00:00","og_image":[{"width":800,"height":600,"url":"https:\/\/www.helissacollagen.com\/wp-content\/uploads\/2019\/05\/Produktova-800x600-IC_VitC.jpg","type":"image\/jpeg"}],"twitter_card":"summary_large_image","twitter_misc":{"Gesch\u00e4tzte Lesezeit":"1\u00a0Minute"},"schema":{"@context":"https:\/\/schema.org","@graph":[{"@type":"WebSite","@id":"https:\/\/www.helissacollagen.com\/#website","url":"https:\/\/www.helissacollagen.com\/","name":"Helissa Collagen","description":"Hydrolyzed marine collagen","potentialAction":[{"@type":"SearchAction","target":{"@type":"EntryPoint","urlTemplate":"https:\/\/www.helissacollagen.com\/?s={search_term_string}"},"query-input":"required name=search_term_string"}],"inLanguage":"de"},{"@type":"ImageObject","@id":"https:\/\/www.helissacollagen.com\/de\/produkt\/fish-collagen\/#primaryimage","inLanguage":"de","url":"https:\/\/www.helissacollagen.com\/wp-content\/uploads\/2019\/05\/Produktova-800x600-IC_VitC.jpg","contentUrl":"https:\/\/www.helissacollagen.com\/wp-content\/uploads\/2019\/05\/Produktova-800x600-IC_VitC.jpg","width":800,"height":600},{"@type":"WebPage","@id":"https:\/\/www.helissacollagen.com\/de\/produkt\/fish-collagen\/#webpage","url":"https:\/\/www.helissacollagen.com\/de\/produkt\/fish-collagen\/","name":"Inca Collagen - Helissa Collagen","isPartOf":{"@id":"https:\/\/www.helissacollagen.com\/#website"},"primaryImageOfPage":{"@id":"https:\/\/www.helissacollagen.com\/de\/produkt\/fish-collagen\/#primaryimage"},"datePublished":"2019-05-13T11:42:48+00:00","dateModified":"2026-03-30T19:19:13+00:00","description":"Inca Collagen is a supplement designed to boost cellular renewal and deeply nourish your skin, hair, and nails","breadcrumb":{"@id":"https:\/\/www.helissacollagen.com\/de\/produkt\/fish-collagen\/#breadcrumb"},"inLanguage":"de","potentialAction":[{"@type":"ReadAction","target":["https:\/\/www.helissacollagen.com\/de\/produkt\/fish-collagen\/"]}]},{"@type":"BreadcrumbList","@id":"https:\/\/www.helissacollagen.com\/de\/produkt\/fish-collagen\/#breadcrumb","itemListElement":[{"@type":"ListItem","position":1,"name":"Home","item":"https:\/\/www.helissacollagen.com\/de\/"},{"@type":"ListItem","position":2,"name":"Shop","item":"https:\/\/www.helissacollagen.com\/de\/shop\/"},{"@type":"ListItem","position":3,"name":"Inca Collagen"}]}]}},"_links":{"self":[{"href":"https:\/\/www.helissacollagen.com\/de\/wp-json\/wp\/v2\/product\/152"}],"collection":[{"href":"https:\/\/www.helissacollagen.com\/de\/wp-json\/wp\/v2\/product"}],"about":[{"href":"https:\/\/www.helissacollagen.com\/de\/wp-json\/wp\/v2\/types\/product"}],"replies":[{"embeddable":true,"href":"https:\/\/www.helissacollagen.com\/de\/wp-json\/wp\/v2\/comments?post=152"}],"wp:featuredmedia":[{"embeddable":true,"href":"https:\/\/www.helissacollagen.com\/de\/wp-json\/wp\/v2\/media\/17147"}],"wp:attachment":[{"href":"https:\/\/www.helissacollagen.com\/de\/wp-json\/wp\/v2\/media?parent=152"}],"wp:term":[{"taxonomy":"product_cat","embeddable":true,"href":"https:\/\/www.helissacollagen.com\/de\/wp-json\/wp\/v2\/product_cat?post=152"},{"taxonomy":"product_tag","embeddable":true,"href":"https:\/\/www.helissacollagen.com\/de\/wp-json\/wp\/v2\/product_tag?post=152"}],"curies":[{"name":"wp","href":"https:\/\/api.w.org\/{rel}","templated":true}]}}