{"id":4737,"date":"2021-12-09T14:14:27","date_gmt":"2021-12-09T14:14:27","guid":{"rendered":"https:\/\/www.helissacollagen.com\/?post_type=product&#038;p=4737"},"modified":"2026-03-30T19:32:28","modified_gmt":"2026-03-30T19:32:28","slug":"gunstig-paket","status":"publish","type":"product","link":"https:\/\/www.helissacollagen.com\/de\/produkt\/gunstig-paket\/","title":{"rendered":"Das vorteilhafteste Kollagen Paket 4+1"},"content":{"rendered":"<p>Kollagen ist ein Grundbauelement im K\u00f6rper des Menschen. Es bildet den organischen Hauptbestandteil des St\u00fctzsystems des Organismus, und zwar der Knochen, Knorpel, Sehnen, des Bindegewebes und der Haut.<\/p>\n<p>Kollagen ist in Blutgef\u00e4\u00dfw\u00e4nden, in basalen Membranen, in der Hornhaut und einer Reihe von Organen enthalten. Nach dem 25. Lebensjahr sinkt der Kollagenanteil in der Haut und nach dem 40. Lebensjahr h\u00f6rt die Kollagensynthese auf.<\/p>\n<p>Helissa hat eine vorteilhafte Darbietungsform, denn das Pulver kann man in Fl\u00fcssigkeiten aufl\u00f6sen und diese<br \/>\nproblemlos trinken.<\/p>\n<p><strong>Inhalt 1 Beutels: :<\/strong> 3 g Kollagenhydrolysat<\/p>\n<p><strong>Produktzusammensetzung:<\/strong> Kollagenhydrolysat aus Fischen<\/p>\n<p><strong>Zusammensetzung 1 Beutels (3 g):<\/strong><br \/>\nKollagen Typ I: 80,0 %<br \/>\nKollagen Typ II: 19,5 %<br \/>\nKollagen Typ III: 0,5 %<\/p>\n<p><strong>Empfohlene Dosierung: <\/strong>1 Beutel (3 g) einmal t\u00e4glich. Die empfohlene Tagesdosis nicht \u00fcberschreiten.<\/p>\n<p><strong>Zubereitung: <\/strong>Den Inhalt eines Beutels (3 g) in 200 \u2013 300 ml Trinkwasser, Obstsaft, Milch oder anderen Getr\u00e4nken aufl\u00f6sen und<br \/>\ntrinken. Beim Mischen mit Fl\u00fcssigkeiten das Pulver in ein trockenes Gef\u00e4\u00df sch\u00fctten und dieses mit Fl\u00fcssigkeit auff\u00fcllen.<\/p>\n<p><strong>Hinweis: <\/strong>Dient nicht als Ersatz ausgewogener Nahrung. Ist nicht f\u00fcr Kinder und schwangere Frauen geeignet. Au\u00dfer<br \/>\nReichweite von Kindern lagern! Trocken und dunkel bei Temperaturen von +4 bis +25\u00b0C lagern, vor Feuchtigkeit,<br \/>\ndirekter Sonneneinstrahlung und Hitze sch\u00fctzen.<\/p>\n<p><strong>Inhalt der Packung:<\/strong> 90 g (30 Beutel)<\/p>\n<p><strong>Hersteller:<\/strong> Inca Collagen s.r.o., Zborovsk\u00e1 906\/11, \u017dabov\u0159esky, 616 00 Brno, Tschechische Republik<\/p>\n","protected":false},"excerpt":{"rendered":"<p data-path-to-node=\"3\"><b data-path-to-node=\"3\" data-index-in-node=\"0\">Das Aktionspaket, das sich wirklich lohnt!<\/b><\/p>\n<p data-path-to-node=\"3\">Wenn Sie 4 Monatspackungen Inca Collagen kaufen, erhalten Sie jetzt die f\u00fcnfte Packung <b data-path-to-node=\"3\" data-index-in-node=\"130\">v\u00f6llig kostenlos<\/b> dazu. Das 4+1 Paket ist die ideale Gelegenheit, Ihren Kollagenvorrat f\u00fcr volle 5 Monate aufzustocken und Ihrem K\u00f6rper die Unterst\u00fctzung zu g\u00f6nnen, die er verdient. Teilen Sie das Paket mit Ihrer Familie und sparen Sie dabei.<\/p>\n<p data-path-to-node=\"4\">W\u00e4hlen Sie das 4+1 Paket f\u00fcr eine langfristige Anwendung, um Ihren K\u00f6rper optimal mit diesem wichtigen Protein zu versorgen. Die Wirkung zeigt sich nicht nur an Haut, Haaren und N\u00e4geln, sondern auch an den Gelenken und bei der Regeneration des gesamten K\u00f6rpers.<\/p>\n<p data-path-to-node=\"5\"><b data-path-to-node=\"5\" data-index-in-node=\"0\">Jedes Paket enth\u00e4lt neben Inca Collagen zus\u00e4tzlich 5 Monatspackungen Vitamin C.<\/b><\/p>\n<p>&nbsp;<\/p>\n","protected":false},"featured_media":17152,"comment_status":"open","ping_status":"closed","template":"","meta":[],"product_cat":[27],"product_tag":[],"yoast_head":"<!-- This site is optimized with the Yoast SEO plugin v18.2 - https:\/\/yoast.com\/wordpress\/plugins\/seo\/ -->\n<title>Das vorteilhafteste Kollagen Paket 4+1 - Helissa Collagen<\/title>\n<meta name=\"robots\" content=\"index, follow, max-snippet:-1, max-image-preview:large, max-video-preview:-1\" \/>\n<link rel=\"canonical\" href=\"https:\/\/www.helissacollagen.com\/de\/produkt\/gunstig-paket\/\" \/>\n<meta property=\"og:locale\" content=\"de_DE\" \/>\n<meta property=\"og:type\" content=\"article\" \/>\n<meta property=\"og:title\" content=\"Das vorteilhafteste Kollagen Paket 4+1 - Helissa Collagen\" \/>\n<meta property=\"og:description\" content=\"Das Aktionspaket, das sich wirklich lohnt! Wenn Sie 4 Monatspackungen Inca Collagen kaufen, erhalten Sie jetzt die f\u00fcnfte Packung v\u00f6llig kostenlos dazu. Das 4+1 Paket ist die ideale Gelegenheit, Ihren Kollagenvorrat f\u00fcr volle 5 Monate aufzustocken und Ihrem K\u00f6rper die Unterst\u00fctzung zu g\u00f6nnen, die er verdient. Teilen Sie das Paket mit Ihrer Familie und sparen Sie dabei. W\u00e4hlen Sie das 4+1 Paket f\u00fcr eine langfristige Anwendung, um Ihren K\u00f6rper optimal mit diesem wichtigen Protein zu versorgen. Die Wirkung zeigt sich nicht nur an Haut, Haaren und N\u00e4geln, sondern auch an den Gelenken und bei der Regeneration des gesamten K\u00f6rpers. Jedes Paket enth\u00e4lt neben Inca Collagen zus\u00e4tzlich 5 Monatspackungen Vitamin C. &nbsp;\" \/>\n<meta property=\"og:url\" content=\"https:\/\/www.helissacollagen.com\/de\/produkt\/gunstig-paket\/\" \/>\n<meta property=\"og:site_name\" content=\"Helissa Collagen\" \/>\n<meta property=\"article:modified_time\" content=\"2026-03-30T19:32:28+00:00\" \/>\n<meta property=\"og:image\" content=\"https:\/\/www.helissacollagen.com\/wp-content\/uploads\/2021\/12\/41_DE.png\" \/>\n\t<meta property=\"og:image:width\" content=\"1600\" \/>\n\t<meta property=\"og:image:height\" content=\"1600\" \/>\n\t<meta property=\"og:image:type\" content=\"image\/png\" \/>\n<meta name=\"twitter:card\" content=\"summary_large_image\" \/>\n<meta name=\"twitter:label1\" content=\"Gesch\u00e4tzte Lesezeit\" \/>\n\t<meta name=\"twitter:data1\" content=\"1\u00a0Minute\" \/>\n<script type=\"application\/ld+json\" class=\"yoast-schema-graph\">{\"@context\":\"https:\/\/schema.org\",\"@graph\":[{\"@type\":\"WebSite\",\"@id\":\"https:\/\/www.helissacollagen.com\/#website\",\"url\":\"https:\/\/www.helissacollagen.com\/\",\"name\":\"Helissa Collagen\",\"description\":\"Hydrolyzed marine collagen\",\"potentialAction\":[{\"@type\":\"SearchAction\",\"target\":{\"@type\":\"EntryPoint\",\"urlTemplate\":\"https:\/\/www.helissacollagen.com\/?s={search_term_string}\"},\"query-input\":\"required name=search_term_string\"}],\"inLanguage\":\"de\"},{\"@type\":\"ImageObject\",\"@id\":\"https:\/\/www.helissacollagen.com\/de\/produkt\/gunstig-paket\/#primaryimage\",\"inLanguage\":\"de\",\"url\":\"https:\/\/www.helissacollagen.com\/wp-content\/uploads\/2021\/12\/41_DE.png\",\"contentUrl\":\"https:\/\/www.helissacollagen.com\/wp-content\/uploads\/2021\/12\/41_DE.png\",\"width\":1600,\"height\":1600},{\"@type\":\"WebPage\",\"@id\":\"https:\/\/www.helissacollagen.com\/de\/produkt\/gunstig-paket\/#webpage\",\"url\":\"https:\/\/www.helissacollagen.com\/de\/produkt\/gunstig-paket\/\",\"name\":\"Das vorteilhafteste Kollagen Paket 4+1 - Helissa Collagen\",\"isPartOf\":{\"@id\":\"https:\/\/www.helissacollagen.com\/#website\"},\"primaryImageOfPage\":{\"@id\":\"https:\/\/www.helissacollagen.com\/de\/produkt\/gunstig-paket\/#primaryimage\"},\"datePublished\":\"2021-12-09T14:14:27+00:00\",\"dateModified\":\"2026-03-30T19:32:28+00:00\",\"breadcrumb\":{\"@id\":\"https:\/\/www.helissacollagen.com\/de\/produkt\/gunstig-paket\/#breadcrumb\"},\"inLanguage\":\"de\",\"potentialAction\":[{\"@type\":\"ReadAction\",\"target\":[\"https:\/\/www.helissacollagen.com\/de\/produkt\/gunstig-paket\/\"]}]},{\"@type\":\"BreadcrumbList\",\"@id\":\"https:\/\/www.helissacollagen.com\/de\/produkt\/gunstig-paket\/#breadcrumb\",\"itemListElement\":[{\"@type\":\"ListItem\",\"position\":1,\"name\":\"Home\",\"item\":\"https:\/\/www.helissacollagen.com\/de\/\"},{\"@type\":\"ListItem\",\"position\":2,\"name\":\"Shop\",\"item\":\"https:\/\/www.helissacollagen.com\/de\/shop\/\"},{\"@type\":\"ListItem\",\"position\":3,\"name\":\"Das vorteilhafteste Kollagen Paket 4+1\"}]}]}<\/script>\n<!-- \/ Yoast SEO plugin. -->","yoast_head_json":{"title":"Das vorteilhafteste Kollagen Paket 4+1 - Helissa Collagen","robots":{"index":"index","follow":"follow","max-snippet":"max-snippet:-1","max-image-preview":"max-image-preview:large","max-video-preview":"max-video-preview:-1"},"canonical":"https:\/\/www.helissacollagen.com\/de\/produkt\/gunstig-paket\/","og_locale":"de_DE","og_type":"article","og_title":"Das vorteilhafteste Kollagen Paket 4+1 - Helissa Collagen","og_description":"Das Aktionspaket, das sich wirklich lohnt! Wenn Sie 4 Monatspackungen Inca Collagen kaufen, erhalten Sie jetzt die f\u00fcnfte Packung v\u00f6llig kostenlos dazu. Das 4+1 Paket ist die ideale Gelegenheit, Ihren Kollagenvorrat f\u00fcr volle 5 Monate aufzustocken und Ihrem K\u00f6rper die Unterst\u00fctzung zu g\u00f6nnen, die er verdient. Teilen Sie das Paket mit Ihrer Familie und sparen Sie dabei. W\u00e4hlen Sie das 4+1 Paket f\u00fcr eine langfristige Anwendung, um Ihren K\u00f6rper optimal mit diesem wichtigen Protein zu versorgen. Die Wirkung zeigt sich nicht nur an Haut, Haaren und N\u00e4geln, sondern auch an den Gelenken und bei der Regeneration des gesamten K\u00f6rpers. Jedes Paket enth\u00e4lt neben Inca Collagen zus\u00e4tzlich 5 Monatspackungen Vitamin C. &nbsp;","og_url":"https:\/\/www.helissacollagen.com\/de\/produkt\/gunstig-paket\/","og_site_name":"Helissa Collagen","article_modified_time":"2026-03-30T19:32:28+00:00","og_image":[{"width":1600,"height":1600,"url":"https:\/\/www.helissacollagen.com\/wp-content\/uploads\/2021\/12\/41_DE.png","type":"image\/png"}],"twitter_card":"summary_large_image","twitter_misc":{"Gesch\u00e4tzte Lesezeit":"1\u00a0Minute"},"schema":{"@context":"https:\/\/schema.org","@graph":[{"@type":"WebSite","@id":"https:\/\/www.helissacollagen.com\/#website","url":"https:\/\/www.helissacollagen.com\/","name":"Helissa Collagen","description":"Hydrolyzed marine collagen","potentialAction":[{"@type":"SearchAction","target":{"@type":"EntryPoint","urlTemplate":"https:\/\/www.helissacollagen.com\/?s={search_term_string}"},"query-input":"required name=search_term_string"}],"inLanguage":"de"},{"@type":"ImageObject","@id":"https:\/\/www.helissacollagen.com\/de\/produkt\/gunstig-paket\/#primaryimage","inLanguage":"de","url":"https:\/\/www.helissacollagen.com\/wp-content\/uploads\/2021\/12\/41_DE.png","contentUrl":"https:\/\/www.helissacollagen.com\/wp-content\/uploads\/2021\/12\/41_DE.png","width":1600,"height":1600},{"@type":"WebPage","@id":"https:\/\/www.helissacollagen.com\/de\/produkt\/gunstig-paket\/#webpage","url":"https:\/\/www.helissacollagen.com\/de\/produkt\/gunstig-paket\/","name":"Das vorteilhafteste Kollagen Paket 4+1 - Helissa Collagen","isPartOf":{"@id":"https:\/\/www.helissacollagen.com\/#website"},"primaryImageOfPage":{"@id":"https:\/\/www.helissacollagen.com\/de\/produkt\/gunstig-paket\/#primaryimage"},"datePublished":"2021-12-09T14:14:27+00:00","dateModified":"2026-03-30T19:32:28+00:00","breadcrumb":{"@id":"https:\/\/www.helissacollagen.com\/de\/produkt\/gunstig-paket\/#breadcrumb"},"inLanguage":"de","potentialAction":[{"@type":"ReadAction","target":["https:\/\/www.helissacollagen.com\/de\/produkt\/gunstig-paket\/"]}]},{"@type":"BreadcrumbList","@id":"https:\/\/www.helissacollagen.com\/de\/produkt\/gunstig-paket\/#breadcrumb","itemListElement":[{"@type":"ListItem","position":1,"name":"Home","item":"https:\/\/www.helissacollagen.com\/de\/"},{"@type":"ListItem","position":2,"name":"Shop","item":"https:\/\/www.helissacollagen.com\/de\/shop\/"},{"@type":"ListItem","position":3,"name":"Das vorteilhafteste Kollagen Paket 4+1"}]}]}},"_links":{"self":[{"href":"https:\/\/www.helissacollagen.com\/de\/wp-json\/wp\/v2\/product\/4737"}],"collection":[{"href":"https:\/\/www.helissacollagen.com\/de\/wp-json\/wp\/v2\/product"}],"about":[{"href":"https:\/\/www.helissacollagen.com\/de\/wp-json\/wp\/v2\/types\/product"}],"replies":[{"embeddable":true,"href":"https:\/\/www.helissacollagen.com\/de\/wp-json\/wp\/v2\/comments?post=4737"}],"wp:featuredmedia":[{"embeddable":true,"href":"https:\/\/www.helissacollagen.com\/de\/wp-json\/wp\/v2\/media\/17152"}],"wp:attachment":[{"href":"https:\/\/www.helissacollagen.com\/de\/wp-json\/wp\/v2\/media?parent=4737"}],"wp:term":[{"taxonomy":"product_cat","embeddable":true,"href":"https:\/\/www.helissacollagen.com\/de\/wp-json\/wp\/v2\/product_cat?post=4737"},{"taxonomy":"product_tag","embeddable":true,"href":"https:\/\/www.helissacollagen.com\/de\/wp-json\/wp\/v2\/product_tag?post=4737"}],"curies":[{"name":"wp","href":"https:\/\/api.w.org\/{rel}","templated":true}]}}