{"id":5500,"date":"2022-03-31T13:11:07","date_gmt":"2022-03-31T13:11:07","guid":{"rendered":"https:\/\/www.helissacollagen.com\/?post_type=product&#038;p=5500"},"modified":"2022-09-02T09:47:23","modified_gmt":"2022-09-02T09:47:23","slug":"incapet-collagen","status":"publish","type":"product","link":"https:\/\/www.helissacollagen.com\/pl\/produkt\/incapet-collagen\/","title":{"rendered":"Incapet Collagen"},"content":{"rendered":"<p><b>Najpopularniejszy kolagen w Europie \u015arodkowej w ko\u0144cu w Polsce! Do\u0142\u0105cz do ponad 150 000 zadowolonych klient\u00f3w i przekonaj si\u0119, \u017ce naprawd\u0119 dzia\u0142a na Twoje w\u0142osy, paznokcie, sk\u00f3r\u0119 i stawy.<\/b><\/p>\n<p>Helissa Collagen to sprawdzona marka kolagenu na S\u0142owacji i w Czechach. Jest obecna na rynku od 2015 roku, kiedy to marka pojawi\u0142a si\u0119 na rynku jako jeden z pierwszych hydrolizowanych kolagen\u00f3w morskich. W tym czasie firma Inca Collagen pomog\u0142a ju\u017c ponad 100 tysi\u0105com klient\u00f3w. Marka nieustannie kontynuuje budowanie zaufania za pomoc\u0105 nowego produktu &#8211; kolagenu dla zwierz\u0105t o nazwie Incapet Collagen.<\/p>\n<p>Helissa Collagen to czeski produkt, bazuje na jako\u015bci i czysto\u015bci surowca, a poniewa\u017c jest to kolagen premium, podczas przetwarzania i selekcji przestrzegane s\u0105 \u015bcis\u0142e kontrole. Dzi\u0119ki swojej czysto\u015bci, certyfikowanej bioaktywno\u015bci i udowodnionemu dzia\u0142aniu polecany jest nie tylko przez klient\u00f3w, ale tak\u017ce przez ekspert\u00f3w z szereg\u00f3w lekarzy i farmaceut\u00f3w.<\/p>\n<p><strong>Zalety produktu Helissa Collagen:<\/strong><\/p>\n<p>\u2022 100% \u017cywy kolagen morski, kt\u00f3ry jest bardzo podobny do ludzkiego<\/p>\n<p>\u2022 Najwy\u017cszej jako\u015bci kolagen tr\u00f3jsk\u0142adnikowy (zawiera kolagen typu I, II, III)<\/p>\n<p>\u2022 Jedna dawka zawiera 3000 miligram\u00f3w substancji czynnej, co jest wystarczaj\u0105c\u0105 ilo\u015bci\u0105, kt\u00f3r\u0105 organizm mo\u017ce skutecznie wykorzysta\u0107<\/p>\n<p>\u2022 Udowodniona i certyfikowana bioaktywno\u015b\u0107 potwierdzona przez urz\u0119dy<\/p>\n<p>\u2022 Nie zawiera aromat\u00f3w, s\u0142odzik\u00f3w, barwnik\u00f3w, chemikali\u00f3w i konserwant\u00f3w (dla zachowania efektu)<\/p>\n<p>\u2022 Najlepszy stosunek jako\u015bci do ceny<\/p>\n<p>\u2022 Tradycyjna marka, sprawdzony produkt, jeden z pierwszych na rynku<\/p>\n<p>\u2022 szybka i \u0142atwa wch\u0142anialno\u015b\u0107, szybkie dzia\u0142anie<\/p>\n<p>\u2022 \u0142atwo si\u0119 rozpuszcza, nie zbryla si\u0119<\/p>\n<h2>Jaki jest wp\u0142yw kolagenu na organizm cz\u0142owieka?<\/h2>\n<ul>\n<li>Znacz\u0105co poprawia jako\u015b\u0107 i wzrost w\u0142os\u00f3w:<\/li>\n<li>Pomaga zapobiega\u0107 wypadaniu w\u0142os\u00f3w \u2013 tworzy z nich zdrowe i pi\u0119kne w\u0142osy,<\/li>\n<li>Nadaje w\u0142osom pi\u0119kno i blask \u2013 zwalcza \u0142amliwo\u015b\u0107<\/li>\n<li>Zwi\u0119ksza g\u0119sto\u015b\u0107 w\u0142os\u00f3w \u2013 przy wystarczaj\u0105cej ilo\u015bci kolagenu w\u0142osy wygl\u0105daj\u0105 zdrowo i pi\u0119knie<\/li>\n<li>Eliminuje wypadanie i \u0142amanie si\u0119 w\u0142os\u00f3w \u2013 koniec z pod\u0142og\u0105 pe\u0142n\u0105 w\u0142os\u00f3w w \u0142azience<\/li>\n<li>Zwi\u0119ksza nawil\u017cenie i obj\u0119to\u015b\u0107 w\u0142os\u00f3w \u2013 nie trzeba si\u0119 wstydzi\u0107 kr\u00f3tkich i \u0142amliwych w\u0142os\u00f3w<\/li>\n<li>Regeneruje zniszczone ko\u0144c\u00f3wki i zapobiega ich rozdwajaniu \u2013 koniec z po\u0142amanymi ko\u0144c\u00f3wkami<\/li>\n<li>Intensywnie nawil\u017ca i odm\u0142adza sk\u00f3r\u0119 \u2013 wp\u0142ywa na dobre samopoczucie, poczucie zdrowia i m\u0142odo\u015bci<\/li>\n<li>Zmi\u0119kcza i redukuje istniej\u0105ce zmarszczki \u2013 koniec z procesem starzenia, poniewa\u017c kolagen zosta\u0142 specjalnie opracowany tak, aby wyeliminowa\u0107 starzenie<\/li>\n<li>Pomaga nada\u0107 sk\u00f3rze elastyczno\u015b\u0107 i j\u0119drno\u015b\u0107 \u2013 bez rozst\u0119p\u00f3w i sk\u00f3rki pomara\u0144czowej<\/li>\n<li>Zdrowe i pi\u0119kne paznokcie \u2013 brak \u0142amliwych paznokci, pi\u0119kne i d\u0142ugie paznokcie dzi\u0119ki du\u017cej ilo\u015bci kolagenu<\/li>\n<li>Pomaga wzmocni\u0107 struktur\u0119 paznokci \u2013 d\u0142ugie paznokcie b\u0119d\u0105 wyj\u0105tkowe, zwi\u0119kszy si\u0119 ich odporno\u015b\u0107 na \u0142amanie i rozdwajanie oraz poprawi ich zdrowie i blask.<\/li>\n<li>Wspomaga aktywny tryb \u017cycia \u2013 wysokiej jako\u015bci bia\u0142ka odgrywaj\u0105 wa\u017cn\u0105 rol\u0119 w budowaniu masy mi\u0119\u015bniowej i regeneracji po wysi\u0142ku.<\/li>\n<\/ul>\n","protected":false},"excerpt":{"rendered":"<p style=\"text-align: left;\">Informacje o produkcie<\/p>\n<p style=\"text-align: left;\">Sk\u0142ad: Hydrolizowany kolagen &#8211; 100% czysty kolagen morski bez dodatk\u00f3w. Hydrolizowany kolagen z ryb. Zawarto\u015b\u0107 1 saszetki: 3 g hydrolizowanego kolagenu Sk\u0142ad 1 saszetki (3g): Kolagen typu I: 80.0 % Kolagenu typu II: 19.5 % Kolagenu typu III: 0.5 %<\/p>\n<p style=\"text-align: left;\">Zastosowanie:\u00a0\u00a0\u00a0\u00a0\u00a0\u00a0\u00a0\u00a0 Zawarto\u015b\u0107 1 saszetki (3 g) nale\u017cy wymiesza\u0107 w 200-300 ml wody pitnej, soku owocowego, mleka lub innego napoju i wypi\u0107. Chc\u0105c wymiesza\u0107 produkt w p\u0142ynie, nale\u017cy najpierw wsypa\u0107 proszek do suchego pojemnika, a nast\u0119pnie wla\u0107 p\u0142yn.<\/p>\n<p style=\"text-align: left;\">Dawkowanie:\u00a0\u00a0\u00a0\u00a0\u00a0\u00a0\u00a0\u00a0\u00a0\u00a0 1 saszetka (3 g) 1\u00d7 dziennie. Nie nale\u017cy przekracza\u0107 zalecanej dziennej dawki.<\/p>\n<p style=\"text-align: left;\">Liczba sztuk w opakowaniu:\u00a0\u00a0\u00a0\u00a0\u00a0\u00a0\u00a0 30 szt.<\/p>\n<p style=\"text-align: left;\">Uwaga:\u00a0\u00a0\u00a0\u00a0\u00a0\u00a0\u00a0\u00a0\u00a0 Helissa Collagen to suplement diety i nie mo\u017ce by\u0107 stosowany jako substytut zr\u00f3\u017cnicowanej diety. Produkt nie jest przeznaczony dla dzieci i kobiet w ci\u0105\u017cy.<\/p>\n<p style=\"text-align: left;\">Informacje:\u00a0\u00a0\u00a0 Nale\u017cy przechowywa\u0107 poza zasi\u0119giem ma\u0142ych dzieci! Produkt nale\u017cy przechowywa\u0107 w suchym i ciemnym miejscu w temperaturze od +4 do +25 \u00b0C, chroni\u0107 przed wilgoci\u0105, bezpo\u015brednim nas\u0142onecznieniem i promieniowaniem cieplnym.<\/p>\n","protected":false},"featured_media":5503,"comment_status":"open","ping_status":"closed","template":"","meta":[],"product_cat":[40],"product_tag":[],"yoast_head":"<!-- This site is optimized with the Yoast SEO plugin v18.2 - https:\/\/yoast.com\/wordpress\/plugins\/seo\/ -->\n<title>Incapet Collagen - Helissa Collagen<\/title>\n<meta name=\"robots\" content=\"index, follow, max-snippet:-1, max-image-preview:large, max-video-preview:-1\" \/>\n<link rel=\"canonical\" href=\"https:\/\/www.helissacollagen.com\/pl\/produkt\/incapet-collagen\/\" \/>\n<meta property=\"og:locale\" content=\"pl_PL\" \/>\n<meta property=\"og:type\" content=\"article\" \/>\n<meta property=\"og:title\" content=\"Incapet Collagen - Helissa Collagen\" \/>\n<meta property=\"og:description\" content=\"Informacje o produkcie Sk\u0142ad: Hydrolizowany kolagen - 100% czysty kolagen morski bez dodatk\u00f3w. Hydrolizowany kolagen z ryb. Zawarto\u015b\u0107 1 saszetki: 3 g hydrolizowanego kolagenu Sk\u0142ad 1 saszetki (3g): Kolagen typu I: 80.0 % Kolagenu typu II: 19.5 % Kolagenu typu III: 0.5 % Zastosowanie:\u00a0\u00a0\u00a0\u00a0\u00a0\u00a0\u00a0\u00a0 Zawarto\u015b\u0107 1 saszetki (3 g) nale\u017cy wymiesza\u0107 w 200-300 ml wody pitnej, soku owocowego, mleka lub innego napoju i wypi\u0107. Chc\u0105c wymiesza\u0107 produkt w p\u0142ynie, nale\u017cy najpierw wsypa\u0107 proszek do suchego pojemnika, a nast\u0119pnie wla\u0107 p\u0142yn. Dawkowanie:\u00a0\u00a0\u00a0\u00a0\u00a0\u00a0\u00a0\u00a0\u00a0\u00a0 1 saszetka (3 g) 1\u00d7 dziennie. Nie nale\u017cy przekracza\u0107 zalecanej dziennej dawki. Liczba sztuk w opakowaniu:\u00a0\u00a0\u00a0\u00a0\u00a0\u00a0\u00a0 30 szt. Uwaga:\u00a0\u00a0\u00a0\u00a0\u00a0\u00a0\u00a0\u00a0\u00a0 Helissa Collagen to suplement diety i nie mo\u017ce by\u0107 stosowany jako substytut zr\u00f3\u017cnicowanej diety. Produkt nie jest przeznaczony dla dzieci i kobiet w ci\u0105\u017cy. Informacje:\u00a0\u00a0\u00a0 Nale\u017cy przechowywa\u0107 poza zasi\u0119giem ma\u0142ych dzieci! Produkt nale\u017cy przechowywa\u0107 w suchym i ciemnym miejscu w temperaturze od +4 do +25 \u00b0C, chroni\u0107 przed wilgoci\u0105, bezpo\u015brednim nas\u0142onecznieniem i promieniowaniem cieplnym.\" \/>\n<meta property=\"og:url\" content=\"https:\/\/www.helissacollagen.com\/pl\/produkt\/incapet-collagen\/\" \/>\n<meta property=\"og:site_name\" content=\"Helissa Collagen\" \/>\n<meta property=\"article:modified_time\" content=\"2022-09-02T09:47:23+00:00\" \/>\n<meta property=\"og:image\" content=\"https:\/\/www.helissacollagen.com\/wp-content\/uploads\/2022\/03\/krabicka_pes_bez_tiena.png\" \/>\n\t<meta property=\"og:image:width\" content=\"1280\" \/>\n\t<meta property=\"og:image:height\" content=\"1280\" \/>\n\t<meta property=\"og:image:type\" content=\"image\/png\" \/>\n<meta name=\"twitter:card\" content=\"summary_large_image\" \/>\n<meta name=\"twitter:label1\" content=\"Szacowany czas czytania\" \/>\n\t<meta name=\"twitter:data1\" content=\"2 minuty\" \/>\n<script type=\"application\/ld+json\" class=\"yoast-schema-graph\">{\"@context\":\"https:\/\/schema.org\",\"@graph\":[{\"@type\":\"WebSite\",\"@id\":\"https:\/\/www.helissacollagen.com\/#website\",\"url\":\"https:\/\/www.helissacollagen.com\/\",\"name\":\"Helissa Collagen\",\"description\":\"Hydrolyzed marine collagen\",\"potentialAction\":[{\"@type\":\"SearchAction\",\"target\":{\"@type\":\"EntryPoint\",\"urlTemplate\":\"https:\/\/www.helissacollagen.com\/?s={search_term_string}\"},\"query-input\":\"required name=search_term_string\"}],\"inLanguage\":\"pl-PL\"},{\"@type\":\"ImageObject\",\"@id\":\"https:\/\/www.helissacollagen.com\/pl\/produkt\/incapet-collagen\/#primaryimage\",\"inLanguage\":\"pl-PL\",\"url\":\"https:\/\/www.helissacollagen.com\/wp-content\/uploads\/2022\/03\/krabicka_pes_bez_tiena.png\",\"contentUrl\":\"https:\/\/www.helissacollagen.com\/wp-content\/uploads\/2022\/03\/krabicka_pes_bez_tiena.png\",\"width\":1280,\"height\":1280},{\"@type\":\"WebPage\",\"@id\":\"https:\/\/www.helissacollagen.com\/pl\/produkt\/incapet-collagen\/#webpage\",\"url\":\"https:\/\/www.helissacollagen.com\/pl\/produkt\/incapet-collagen\/\",\"name\":\"Incapet Collagen - Helissa Collagen\",\"isPartOf\":{\"@id\":\"https:\/\/www.helissacollagen.com\/#website\"},\"primaryImageOfPage\":{\"@id\":\"https:\/\/www.helissacollagen.com\/pl\/produkt\/incapet-collagen\/#primaryimage\"},\"datePublished\":\"2022-03-31T13:11:07+00:00\",\"dateModified\":\"2022-09-02T09:47:23+00:00\",\"breadcrumb\":{\"@id\":\"https:\/\/www.helissacollagen.com\/pl\/produkt\/incapet-collagen\/#breadcrumb\"},\"inLanguage\":\"pl-PL\",\"potentialAction\":[{\"@type\":\"ReadAction\",\"target\":[\"https:\/\/www.helissacollagen.com\/pl\/produkt\/incapet-collagen\/\"]}]},{\"@type\":\"BreadcrumbList\",\"@id\":\"https:\/\/www.helissacollagen.com\/pl\/produkt\/incapet-collagen\/#breadcrumb\",\"itemListElement\":[{\"@type\":\"ListItem\",\"position\":1,\"name\":\"Home\",\"item\":\"https:\/\/www.helissacollagen.com\/pl\/helissa-collagen\/\"},{\"@type\":\"ListItem\",\"position\":2,\"name\":\"Shop\",\"item\":\"https:\/\/www.helissacollagen.com\/pl\/shop\/\"},{\"@type\":\"ListItem\",\"position\":3,\"name\":\"Incapet Collagen\"}]}]}<\/script>\n<!-- \/ Yoast SEO plugin. -->","yoast_head_json":{"title":"Incapet Collagen - Helissa Collagen","robots":{"index":"index","follow":"follow","max-snippet":"max-snippet:-1","max-image-preview":"max-image-preview:large","max-video-preview":"max-video-preview:-1"},"canonical":"https:\/\/www.helissacollagen.com\/pl\/produkt\/incapet-collagen\/","og_locale":"pl_PL","og_type":"article","og_title":"Incapet Collagen - Helissa Collagen","og_description":"Informacje o produkcie Sk\u0142ad: Hydrolizowany kolagen - 100% czysty kolagen morski bez dodatk\u00f3w. Hydrolizowany kolagen z ryb. Zawarto\u015b\u0107 1 saszetki: 3 g hydrolizowanego kolagenu Sk\u0142ad 1 saszetki (3g): Kolagen typu I: 80.0 % Kolagenu typu II: 19.5 % Kolagenu typu III: 0.5 % Zastosowanie:\u00a0\u00a0\u00a0\u00a0\u00a0\u00a0\u00a0\u00a0 Zawarto\u015b\u0107 1 saszetki (3 g) nale\u017cy wymiesza\u0107 w 200-300 ml wody pitnej, soku owocowego, mleka lub innego napoju i wypi\u0107. Chc\u0105c wymiesza\u0107 produkt w p\u0142ynie, nale\u017cy najpierw wsypa\u0107 proszek do suchego pojemnika, a nast\u0119pnie wla\u0107 p\u0142yn. Dawkowanie:\u00a0\u00a0\u00a0\u00a0\u00a0\u00a0\u00a0\u00a0\u00a0\u00a0 1 saszetka (3 g) 1\u00d7 dziennie. Nie nale\u017cy przekracza\u0107 zalecanej dziennej dawki. Liczba sztuk w opakowaniu:\u00a0\u00a0\u00a0\u00a0\u00a0\u00a0\u00a0 30 szt. Uwaga:\u00a0\u00a0\u00a0\u00a0\u00a0\u00a0\u00a0\u00a0\u00a0 Helissa Collagen to suplement diety i nie mo\u017ce by\u0107 stosowany jako substytut zr\u00f3\u017cnicowanej diety. Produkt nie jest przeznaczony dla dzieci i kobiet w ci\u0105\u017cy. Informacje:\u00a0\u00a0\u00a0 Nale\u017cy przechowywa\u0107 poza zasi\u0119giem ma\u0142ych dzieci! Produkt nale\u017cy przechowywa\u0107 w suchym i ciemnym miejscu w temperaturze od +4 do +25 \u00b0C, chroni\u0107 przed wilgoci\u0105, bezpo\u015brednim nas\u0142onecznieniem i promieniowaniem cieplnym.","og_url":"https:\/\/www.helissacollagen.com\/pl\/produkt\/incapet-collagen\/","og_site_name":"Helissa Collagen","article_modified_time":"2022-09-02T09:47:23+00:00","og_image":[{"width":1280,"height":1280,"url":"https:\/\/www.helissacollagen.com\/wp-content\/uploads\/2022\/03\/krabicka_pes_bez_tiena.png","type":"image\/png"}],"twitter_card":"summary_large_image","twitter_misc":{"Szacowany czas czytania":"2 minuty"},"schema":{"@context":"https:\/\/schema.org","@graph":[{"@type":"WebSite","@id":"https:\/\/www.helissacollagen.com\/#website","url":"https:\/\/www.helissacollagen.com\/","name":"Helissa Collagen","description":"Hydrolyzed marine collagen","potentialAction":[{"@type":"SearchAction","target":{"@type":"EntryPoint","urlTemplate":"https:\/\/www.helissacollagen.com\/?s={search_term_string}"},"query-input":"required name=search_term_string"}],"inLanguage":"pl-PL"},{"@type":"ImageObject","@id":"https:\/\/www.helissacollagen.com\/pl\/produkt\/incapet-collagen\/#primaryimage","inLanguage":"pl-PL","url":"https:\/\/www.helissacollagen.com\/wp-content\/uploads\/2022\/03\/krabicka_pes_bez_tiena.png","contentUrl":"https:\/\/www.helissacollagen.com\/wp-content\/uploads\/2022\/03\/krabicka_pes_bez_tiena.png","width":1280,"height":1280},{"@type":"WebPage","@id":"https:\/\/www.helissacollagen.com\/pl\/produkt\/incapet-collagen\/#webpage","url":"https:\/\/www.helissacollagen.com\/pl\/produkt\/incapet-collagen\/","name":"Incapet Collagen - Helissa Collagen","isPartOf":{"@id":"https:\/\/www.helissacollagen.com\/#website"},"primaryImageOfPage":{"@id":"https:\/\/www.helissacollagen.com\/pl\/produkt\/incapet-collagen\/#primaryimage"},"datePublished":"2022-03-31T13:11:07+00:00","dateModified":"2022-09-02T09:47:23+00:00","breadcrumb":{"@id":"https:\/\/www.helissacollagen.com\/pl\/produkt\/incapet-collagen\/#breadcrumb"},"inLanguage":"pl-PL","potentialAction":[{"@type":"ReadAction","target":["https:\/\/www.helissacollagen.com\/pl\/produkt\/incapet-collagen\/"]}]},{"@type":"BreadcrumbList","@id":"https:\/\/www.helissacollagen.com\/pl\/produkt\/incapet-collagen\/#breadcrumb","itemListElement":[{"@type":"ListItem","position":1,"name":"Home","item":"https:\/\/www.helissacollagen.com\/pl\/helissa-collagen\/"},{"@type":"ListItem","position":2,"name":"Shop","item":"https:\/\/www.helissacollagen.com\/pl\/shop\/"},{"@type":"ListItem","position":3,"name":"Incapet Collagen"}]}]}},"_links":{"self":[{"href":"https:\/\/www.helissacollagen.com\/pl\/wp-json\/wp\/v2\/product\/5500"}],"collection":[{"href":"https:\/\/www.helissacollagen.com\/pl\/wp-json\/wp\/v2\/product"}],"about":[{"href":"https:\/\/www.helissacollagen.com\/pl\/wp-json\/wp\/v2\/types\/product"}],"replies":[{"embeddable":true,"href":"https:\/\/www.helissacollagen.com\/pl\/wp-json\/wp\/v2\/comments?post=5500"}],"wp:featuredmedia":[{"embeddable":true,"href":"https:\/\/www.helissacollagen.com\/pl\/wp-json\/wp\/v2\/media\/5503"}],"wp:attachment":[{"href":"https:\/\/www.helissacollagen.com\/pl\/wp-json\/wp\/v2\/media?parent=5500"}],"wp:term":[{"taxonomy":"product_cat","embeddable":true,"href":"https:\/\/www.helissacollagen.com\/pl\/wp-json\/wp\/v2\/product_cat?post=5500"},{"taxonomy":"product_tag","embeddable":true,"href":"https:\/\/www.helissacollagen.com\/pl\/wp-json\/wp\/v2\/product_tag?post=5500"}],"curies":[{"name":"wp","href":"https:\/\/api.w.org\/{rel}","templated":true}]}}